{"id":709,"date":"2022-08-17T14:48:18","date_gmt":"2022-08-17T18:48:18","guid":{"rendered":"https:\/\/www.hueseehair.com\/?post_type=product&#038;p=709"},"modified":"2026-05-04T12:00:53","modified_gmt":"2026-05-04T16:00:53","slug":"super-eclaircissants-100ml","status":"publish","type":"product","link":"https:\/\/www.hueseehair.com\/fr\/produit\/super-eclaircissants-100ml\/","title":{"rendered":"Super \u00e9claircissants 100ml"},"content":{"rendered":"<p><strong>Obtenez des r\u00e9sultats spectaculaires avec les <a href=\"https:\/\/www.hueseehair.com\/fr\/formations\/super-eclaircissants\/\">Super \u00c9claircissants HueSee 100ml<\/a><\/strong><br \/>\nFacilitez la vie des <strong>coloristes professionnels<\/strong> avec nos <strong>Super \u00c9claircissants haute performance 100ml<\/strong>, con\u00e7us pour des <strong>r\u00e9sultats exceptionnels en coloration capillaire<\/strong>. Ces <strong>\u00e9claircissants de qualit\u00e9 professionnelle<\/strong> \u00e9claircissent jusqu&rsquo;\u00e0 <strong>4 niveaux de luminosit\u00e9<\/strong> tout en neutralisant les pigments pour des <strong>couleurs \u00e9quilibr\u00e9es et naturelles<\/strong>.<\/p>\n<p>Les <strong>Super \u00c9claircissants HueSee 100ml<\/strong> permettent d&rsquo;obtenir les nuances les plus claires et les plus lumineuses sur les cheveux naturels, sans avoir recours \u00e0 la d\u00e9coloration. D\u00e9couvrez notre gamme de <strong>teintes Super \u00c9claircissant 100ml<\/strong>, formul\u00e9es pour offrir <strong>pr\u00e9cision, \u00e9clat et cheveux en pleine sant\u00e9<\/strong>. Transformez votre processus de coloration avec les <strong>\u00e9claircissants de qualit\u00e9 salon de HueSee<\/strong> et cr\u00e9ez des r\u00e9sultats qui captivent \u00e0 chaque fois.<\/p>\n","protected":false},"excerpt":{"rendered":"<p>Obtenez des r\u00e9sultats spectaculaires avec les Super \u00c9claircissants HueSee 100ml Facilitez la vie des coloristes professionnels avec nos Super \u00c9claircissants haute performance 100ml, con\u00e7us pour des r\u00e9sultats exceptionnels en coloration capillaire. Ces \u00e9claircissants de qualit\u00e9 professionnelle \u00e9claircissent jusqu&rsquo;\u00e0 4 niveaux de luminosit\u00e9 tout en neutralisant les pigments pour des couleurs &hellip; <a href=\"https:\/\/www.hueseehair.com\/fr\/produit\/super-eclaircissants-100ml\/\">Suivant<\/a><\/p>\n","protected":false},"featured_media":903,"template":"","meta":{"_acf_changed":false,"_relevanssi_hide_post":"","_relevanssi_hide_content":"","_relevanssi_pin_for_all":"","_relevanssi_pin_keywords":"","_relevanssi_unpin_keywords":"","_relevanssi_related_keywords":"","_relevanssi_related_include_ids":"","_relevanssi_related_exclude_ids":"","_relevanssi_related_no_append":"","_relevanssi_related_not_related":"","_relevanssi_related_posts":"","_relevanssi_noindex_reason":""},"product_brand":[],"product_cat":[134,137],"product_tag":[],"class_list":{"0":"post-709","1":"product","2":"type-product","3":"status-publish","4":"has-post-thumbnail","6":"product_ingredient-acides-gras-vegetaux-de-noix-de-coco","7":"product_ingredient-cire-dabeille-synthetique","8":"product_ingredient-polyquaternium-22","9":"product_ingredient-alcool-cetearylique","10":"product_ingredient-proteine-de-pois-hydrolysee","11":"product_cat-coloration","12":"product_cat-nuances","14":"first","15":"instock","16":"taxable","17":"shipping-taxable","18":"product-type-variable"},"acf":[],"yoast_head":"<!-- This site is optimized with the Yoast SEO Premium plugin v20.4 (Yoast SEO v24.6) - https:\/\/yoast.com\/wordpress\/plugins\/seo\/ -->\n<title>Super \u00e9claircissants 100ml | HueSee<\/title>\n<meta name=\"description\" content=\"Obtenez des couleurs claires et \u00e9quilibr\u00e9es avec les Super \u00c9claircissants HueSee 100ml. \u00c9claircissez jusqu&#039;\u00e0 4 niveaux tout en neutralisant les pigments pour des r\u00e9sultats \u00e9clatants sans d\u00e9coloration. Id\u00e9al pour les professionnels.\" \/>\n<meta name=\"robots\" content=\"index, follow, max-snippet:-1, max-image-preview:large, max-video-preview:-1\" \/>\n<link rel=\"canonical\" href=\"https:\/\/www.hueseehair.com\/fr\/produit\/super-eclaircissants-100ml\/\" \/>\n<meta property=\"og:locale\" content=\"fr_CA\" \/>\n<meta property=\"og:type\" content=\"article\" \/>\n<meta property=\"og:title\" content=\"Super \u00e9claircissants 100ml\" \/>\n<meta property=\"og:description\" content=\"Obtenez des couleurs claires et \u00e9quilibr\u00e9es avec les Super \u00c9claircissants HueSee 100ml. \u00c9claircissez jusqu&#039;\u00e0 4 niveaux tout en neutralisant les pigments pour des r\u00e9sultats \u00e9clatants sans d\u00e9coloration. Id\u00e9al pour les professionnels.\" \/>\n<meta property=\"og:url\" content=\"https:\/\/www.hueseehair.com\/fr\/produit\/super-eclaircissants-100ml\/\" \/>\n<meta property=\"og:site_name\" content=\"HueSee\" \/>\n<meta property=\"article:modified_time\" content=\"2026-05-04T16:00:53+00:00\" \/>\n<meta property=\"og:image\" content=\"https:\/\/www.hueseehair.com\/app\/uploads\/2022\/08\/hs-mock-colo-superlightener-web.png\" \/>\n\t<meta property=\"og:image:width\" content=\"2475\" \/>\n\t<meta property=\"og:image:height\" content=\"2475\" \/>\n\t<meta property=\"og:image:type\" content=\"image\/png\" \/>\n<meta name=\"twitter:card\" content=\"summary_large_image\" \/>\n<script type=\"application\/ld+json\" class=\"yoast-schema-graph\">{\"@context\":\"https:\/\/schema.org\",\"@graph\":[{\"@type\":\"WebPage\",\"@id\":\"https:\/\/www.hueseehair.com\/fr\/produit\/super-eclaircissants-100ml\/\",\"url\":\"https:\/\/www.hueseehair.com\/fr\/produit\/super-eclaircissants-100ml\/\",\"name\":\"Super \u00e9claircissants 100ml | HueSee\",\"isPartOf\":{\"@id\":\"https:\/\/www.hueseehair.com\/fr\/#website\"},\"primaryImageOfPage\":{\"@id\":\"https:\/\/www.hueseehair.com\/fr\/produit\/super-eclaircissants-100ml\/#primaryimage\"},\"image\":{\"@id\":\"https:\/\/www.hueseehair.com\/fr\/produit\/super-eclaircissants-100ml\/#primaryimage\"},\"thumbnailUrl\":\"https:\/\/www.hueseehair.com\/app\/uploads\/2022\/08\/hs-mock-colo-superlightener-web.png\",\"datePublished\":\"2022-08-17T18:48:18+00:00\",\"dateModified\":\"2026-05-04T16:00:53+00:00\",\"description\":\"Obtenez des couleurs claires et \u00e9quilibr\u00e9es avec les Super \u00c9claircissants HueSee 100ml. \u00c9claircissez jusqu'\u00e0 4 niveaux tout en neutralisant les pigments pour des r\u00e9sultats \u00e9clatants sans d\u00e9coloration. Id\u00e9al pour les professionnels.\",\"breadcrumb\":{\"@id\":\"https:\/\/www.hueseehair.com\/fr\/produit\/super-eclaircissants-100ml\/#breadcrumb\"},\"inLanguage\":\"fr-CA\",\"potentialAction\":[{\"@type\":\"ReadAction\",\"target\":[\"https:\/\/www.hueseehair.com\/fr\/produit\/super-eclaircissants-100ml\/\"]}]},{\"@type\":\"ImageObject\",\"inLanguage\":\"fr-CA\",\"@id\":\"https:\/\/www.hueseehair.com\/fr\/produit\/super-eclaircissants-100ml\/#primaryimage\",\"url\":\"https:\/\/www.hueseehair.com\/app\/uploads\/2022\/08\/hs-mock-colo-superlightener-web.png\",\"contentUrl\":\"https:\/\/www.hueseehair.com\/app\/uploads\/2022\/08\/hs-mock-colo-superlightener-web.png\",\"width\":2475,\"height\":2475},{\"@type\":\"BreadcrumbList\",\"@id\":\"https:\/\/www.hueseehair.com\/fr\/produit\/super-eclaircissants-100ml\/#breadcrumb\",\"itemListElement\":[{\"@type\":\"ListItem\",\"position\":1,\"name\":\"Accueil\",\"item\":\"https:\/\/www.hueseehair.com\/fr\/\"},{\"@type\":\"ListItem\",\"position\":2,\"name\":\"Boutique\",\"item\":\"https:\/\/www.hueseehair.com\/fr\/boutique\/\"},{\"@type\":\"ListItem\",\"position\":3,\"name\":\"Super \u00e9claircissants 100ml\"}]},{\"@type\":\"WebSite\",\"@id\":\"https:\/\/www.hueseehair.com\/fr\/#website\",\"url\":\"https:\/\/www.hueseehair.com\/fr\/\",\"name\":\"HueSee\",\"description\":\"Simplement brillant\",\"publisher\":{\"@id\":\"https:\/\/www.hueseehair.com\/fr\/#organization\"},\"potentialAction\":[{\"@type\":\"SearchAction\",\"target\":{\"@type\":\"EntryPoint\",\"urlTemplate\":\"https:\/\/www.hueseehair.com\/fr\/?s={search_term_string}\"},\"query-input\":{\"@type\":\"PropertyValueSpecification\",\"valueRequired\":true,\"valueName\":\"search_term_string\"}}],\"inLanguage\":\"fr-CA\"},{\"@type\":\"Organization\",\"@id\":\"https:\/\/www.hueseehair.com\/fr\/#organization\",\"name\":\"HueSee\",\"url\":\"https:\/\/www.hueseehair.com\/fr\/\",\"logo\":{\"@type\":\"ImageObject\",\"inLanguage\":\"fr-CA\",\"@id\":\"https:\/\/www.hueseehair.com\/fr\/#\/schema\/logo\/image\/\",\"url\":\"https:\/\/www.hueseehair.com\/app\/uploads\/2022\/09\/huesee-fb-img-1.jpg\",\"contentUrl\":\"https:\/\/www.hueseehair.com\/app\/uploads\/2022\/09\/huesee-fb-img-1.jpg\",\"width\":1200,\"height\":627,\"caption\":\"HueSee\"},\"image\":{\"@id\":\"https:\/\/www.hueseehair.com\/fr\/#\/schema\/logo\/image\/\"},\"sameAs\":[\"https:\/\/www.instagram.com\/hueseehair\/\"]}]}<\/script>\n<!-- \/ Yoast SEO Premium plugin. -->","yoast_head_json":{"title":"Super \u00e9claircissants 100ml | HueSee","description":"Obtenez des couleurs claires et \u00e9quilibr\u00e9es avec les Super \u00c9claircissants HueSee 100ml. \u00c9claircissez jusqu'\u00e0 4 niveaux tout en neutralisant les pigments pour des r\u00e9sultats \u00e9clatants sans d\u00e9coloration. Id\u00e9al pour les professionnels.","robots":{"index":"index","follow":"follow","max-snippet":"max-snippet:-1","max-image-preview":"max-image-preview:large","max-video-preview":"max-video-preview:-1"},"canonical":"https:\/\/www.hueseehair.com\/fr\/produit\/super-eclaircissants-100ml\/","og_locale":"fr_CA","og_type":"article","og_title":"Super \u00e9claircissants 100ml","og_description":"Obtenez des couleurs claires et \u00e9quilibr\u00e9es avec les Super \u00c9claircissants HueSee 100ml. \u00c9claircissez jusqu'\u00e0 4 niveaux tout en neutralisant les pigments pour des r\u00e9sultats \u00e9clatants sans d\u00e9coloration. Id\u00e9al pour les professionnels.","og_url":"https:\/\/www.hueseehair.com\/fr\/produit\/super-eclaircissants-100ml\/","og_site_name":"HueSee","article_modified_time":"2026-05-04T16:00:53+00:00","og_image":[{"width":2475,"height":2475,"url":"https:\/\/www.hueseehair.com\/app\/uploads\/2022\/08\/hs-mock-colo-superlightener-web.png","type":"image\/png"}],"twitter_card":"summary_large_image","schema":{"@context":"https:\/\/schema.org","@graph":[{"@type":"WebPage","@id":"https:\/\/www.hueseehair.com\/fr\/produit\/super-eclaircissants-100ml\/","url":"https:\/\/www.hueseehair.com\/fr\/produit\/super-eclaircissants-100ml\/","name":"Super \u00e9claircissants 100ml | HueSee","isPartOf":{"@id":"https:\/\/www.hueseehair.com\/fr\/#website"},"primaryImageOfPage":{"@id":"https:\/\/www.hueseehair.com\/fr\/produit\/super-eclaircissants-100ml\/#primaryimage"},"image":{"@id":"https:\/\/www.hueseehair.com\/fr\/produit\/super-eclaircissants-100ml\/#primaryimage"},"thumbnailUrl":"https:\/\/www.hueseehair.com\/app\/uploads\/2022\/08\/hs-mock-colo-superlightener-web.png","datePublished":"2022-08-17T18:48:18+00:00","dateModified":"2026-05-04T16:00:53+00:00","description":"Obtenez des couleurs claires et \u00e9quilibr\u00e9es avec les Super \u00c9claircissants HueSee 100ml. \u00c9claircissez jusqu'\u00e0 4 niveaux tout en neutralisant les pigments pour des r\u00e9sultats \u00e9clatants sans d\u00e9coloration. Id\u00e9al pour les professionnels.","breadcrumb":{"@id":"https:\/\/www.hueseehair.com\/fr\/produit\/super-eclaircissants-100ml\/#breadcrumb"},"inLanguage":"fr-CA","potentialAction":[{"@type":"ReadAction","target":["https:\/\/www.hueseehair.com\/fr\/produit\/super-eclaircissants-100ml\/"]}]},{"@type":"ImageObject","inLanguage":"fr-CA","@id":"https:\/\/www.hueseehair.com\/fr\/produit\/super-eclaircissants-100ml\/#primaryimage","url":"https:\/\/www.hueseehair.com\/app\/uploads\/2022\/08\/hs-mock-colo-superlightener-web.png","contentUrl":"https:\/\/www.hueseehair.com\/app\/uploads\/2022\/08\/hs-mock-colo-superlightener-web.png","width":2475,"height":2475},{"@type":"BreadcrumbList","@id":"https:\/\/www.hueseehair.com\/fr\/produit\/super-eclaircissants-100ml\/#breadcrumb","itemListElement":[{"@type":"ListItem","position":1,"name":"Accueil","item":"https:\/\/www.hueseehair.com\/fr\/"},{"@type":"ListItem","position":2,"name":"Boutique","item":"https:\/\/www.hueseehair.com\/fr\/boutique\/"},{"@type":"ListItem","position":3,"name":"Super \u00e9claircissants 100ml"}]},{"@type":"WebSite","@id":"https:\/\/www.hueseehair.com\/fr\/#website","url":"https:\/\/www.hueseehair.com\/fr\/","name":"HueSee","description":"Simplement brillant","publisher":{"@id":"https:\/\/www.hueseehair.com\/fr\/#organization"},"potentialAction":[{"@type":"SearchAction","target":{"@type":"EntryPoint","urlTemplate":"https:\/\/www.hueseehair.com\/fr\/?s={search_term_string}"},"query-input":{"@type":"PropertyValueSpecification","valueRequired":true,"valueName":"search_term_string"}}],"inLanguage":"fr-CA"},{"@type":"Organization","@id":"https:\/\/www.hueseehair.com\/fr\/#organization","name":"HueSee","url":"https:\/\/www.hueseehair.com\/fr\/","logo":{"@type":"ImageObject","inLanguage":"fr-CA","@id":"https:\/\/www.hueseehair.com\/fr\/#\/schema\/logo\/image\/","url":"https:\/\/www.hueseehair.com\/app\/uploads\/2022\/09\/huesee-fb-img-1.jpg","contentUrl":"https:\/\/www.hueseehair.com\/app\/uploads\/2022\/09\/huesee-fb-img-1.jpg","width":1200,"height":627,"caption":"HueSee"},"image":{"@id":"https:\/\/www.hueseehair.com\/fr\/#\/schema\/logo\/image\/"},"sameAs":["https:\/\/www.instagram.com\/hueseehair\/"]}]}},"_links":{"self":[{"href":"https:\/\/www.hueseehair.com\/fr\/wp-json\/wp\/v2\/product\/709","targetHints":{"allow":["GET"]}}],"collection":[{"href":"https:\/\/www.hueseehair.com\/fr\/wp-json\/wp\/v2\/product"}],"about":[{"href":"https:\/\/www.hueseehair.com\/fr\/wp-json\/wp\/v2\/types\/product"}],"wp:featuredmedia":[{"embeddable":true,"href":"https:\/\/www.hueseehair.com\/fr\/wp-json\/wp\/v2\/media\/903"}],"wp:attachment":[{"href":"https:\/\/www.hueseehair.com\/fr\/wp-json\/wp\/v2\/media?parent=709"}],"wp:term":[{"taxonomy":"product_brand","embeddable":true,"href":"https:\/\/www.hueseehair.com\/fr\/wp-json\/wp\/v2\/product_brand?post=709"},{"taxonomy":"product_cat","embeddable":true,"href":"https:\/\/www.hueseehair.com\/fr\/wp-json\/wp\/v2\/product_cat?post=709"},{"taxonomy":"product_tag","embeddable":true,"href":"https:\/\/www.hueseehair.com\/fr\/wp-json\/wp\/v2\/product_tag?post=709"}],"curies":[{"name":"wp","href":"https:\/\/api.w.org\/{rel}","templated":true}]}}