{"id":697,"date":"2022-08-17T14:48:19","date_gmt":"2022-08-17T18:48:19","guid":{"rendered":"https:\/\/www.hueseehair.com\/?post_type=product&#038;p=697"},"modified":"2026-05-04T11:45:55","modified_gmt":"2026-05-04T15:45:55","slug":"developpeurs-permanents-1l","status":"publish","type":"product","link":"https:\/\/www.hueseehair.com\/fr\/produit\/developpeurs-permanents-1l\/","title":{"rendered":"D\u00e9veloppeurs permanents"},"content":{"rendered":"<p>Nos d\u00e9veloppeurs permanents sont offerts en 10, 15, 20, 30 et 40 volumes pour r\u00e9pondre \u00e0 tous vos besoins. Ils permettent une application fluide et une saturation optimale de la coloration ou du d\u00e9colorant dans les cheveux. Choisissez les volumes qui r\u00e9pondent \u00e0 vos besoins.<\/p>\n","protected":false},"excerpt":{"rendered":"<p>Nos d\u00e9veloppeurs permanents sont offerts en 10, 15, 20, 30 et 40 volumes pour r\u00e9pondre \u00e0 tous vos besoins. Ils permettent une application fluide et une saturation optimale de la coloration ou du d\u00e9colorant dans les cheveux. Choisissez les volumes qui r\u00e9pondent \u00e0 vos besoins.<\/p>\n","protected":false},"featured_media":883,"template":"","meta":{"_acf_changed":false,"_relevanssi_hide_post":"","_relevanssi_hide_content":"","_relevanssi_pin_for_all":"","_relevanssi_pin_keywords":"","_relevanssi_unpin_keywords":"","_relevanssi_related_keywords":"","_relevanssi_related_include_ids":"","_relevanssi_related_exclude_ids":"","_relevanssi_related_no_append":"","_relevanssi_related_not_related":"","_relevanssi_related_posts":"","_relevanssi_noindex_reason":""},"product_brand":[],"product_cat":[134,138],"product_tag":[],"class_list":{"0":"post-697","1":"product","2":"type-product","3":"status-publish","4":"has-post-thumbnail","6":"product_cat-coloration","7":"product_cat-developpeurs","9":"first","10":"instock","11":"taxable","12":"shipping-taxable","13":"product-type-variable"},"acf":[],"yoast_head":"<!-- This site is optimized with the Yoast SEO Premium plugin v20.4 (Yoast SEO v24.6) - https:\/\/yoast.com\/wordpress\/plugins\/seo\/ -->\n<title>D\u00e9veloppeurs permanents | HueSee<\/title>\n<meta name=\"robots\" content=\"index, follow, max-snippet:-1, max-image-preview:large, max-video-preview:-1\" \/>\n<link rel=\"canonical\" href=\"https:\/\/www.hueseehair.com\/fr\/produit\/developpeurs-permanents-1l\/\" \/>\n<meta property=\"og:locale\" content=\"fr_CA\" \/>\n<meta property=\"og:type\" content=\"article\" \/>\n<meta property=\"og:title\" content=\"D\u00e9veloppeurs permanents\" \/>\n<meta property=\"og:description\" content=\"Nos d\u00e9veloppeurs permanents sont offerts en 10, 15, 20, 30 et 40 volumes pour r\u00e9pondre \u00e0 tous vos besoins. Ils permettent une application fluide et une saturation optimale de la coloration ou du d\u00e9colorant dans les cheveux. Choisissez les volumes qui r\u00e9pondent \u00e0 vos besoins.\" \/>\n<meta property=\"og:url\" content=\"https:\/\/www.hueseehair.com\/fr\/produit\/developpeurs-permanents-1l\/\" \/>\n<meta property=\"og:site_name\" content=\"HueSee\" \/>\n<meta property=\"article:modified_time\" content=\"2026-05-04T15:45:55+00:00\" \/>\n<meta property=\"og:image\" content=\"https:\/\/www.hueseehair.com\/app\/uploads\/2022\/08\/hs-mock-developpeur-20v-web-1.png\" \/>\n\t<meta property=\"og:image:width\" content=\"2475\" \/>\n\t<meta property=\"og:image:height\" content=\"2475\" \/>\n\t<meta property=\"og:image:type\" content=\"image\/png\" \/>\n<meta name=\"twitter:card\" content=\"summary_large_image\" \/>\n<script type=\"application\/ld+json\" class=\"yoast-schema-graph\">{\"@context\":\"https:\/\/schema.org\",\"@graph\":[{\"@type\":\"WebPage\",\"@id\":\"https:\/\/www.hueseehair.com\/fr\/produit\/developpeurs-permanents-1l\/\",\"url\":\"https:\/\/www.hueseehair.com\/fr\/produit\/developpeurs-permanents-1l\/\",\"name\":\"D\u00e9veloppeurs permanents | HueSee\",\"isPartOf\":{\"@id\":\"https:\/\/www.hueseehair.com\/fr\/#website\"},\"primaryImageOfPage\":{\"@id\":\"https:\/\/www.hueseehair.com\/fr\/produit\/developpeurs-permanents-1l\/#primaryimage\"},\"image\":{\"@id\":\"https:\/\/www.hueseehair.com\/fr\/produit\/developpeurs-permanents-1l\/#primaryimage\"},\"thumbnailUrl\":\"https:\/\/www.hueseehair.com\/app\/uploads\/2022\/08\/hs-mock-developpeur-20v-web-1.png\",\"datePublished\":\"2022-08-17T18:48:19+00:00\",\"dateModified\":\"2026-05-04T15:45:55+00:00\",\"breadcrumb\":{\"@id\":\"https:\/\/www.hueseehair.com\/fr\/produit\/developpeurs-permanents-1l\/#breadcrumb\"},\"inLanguage\":\"fr-CA\",\"potentialAction\":[{\"@type\":\"ReadAction\",\"target\":[\"https:\/\/www.hueseehair.com\/fr\/produit\/developpeurs-permanents-1l\/\"]}]},{\"@type\":\"ImageObject\",\"inLanguage\":\"fr-CA\",\"@id\":\"https:\/\/www.hueseehair.com\/fr\/produit\/developpeurs-permanents-1l\/#primaryimage\",\"url\":\"https:\/\/www.hueseehair.com\/app\/uploads\/2022\/08\/hs-mock-developpeur-20v-web-1.png\",\"contentUrl\":\"https:\/\/www.hueseehair.com\/app\/uploads\/2022\/08\/hs-mock-developpeur-20v-web-1.png\",\"width\":2475,\"height\":2475},{\"@type\":\"BreadcrumbList\",\"@id\":\"https:\/\/www.hueseehair.com\/fr\/produit\/developpeurs-permanents-1l\/#breadcrumb\",\"itemListElement\":[{\"@type\":\"ListItem\",\"position\":1,\"name\":\"Accueil\",\"item\":\"https:\/\/www.hueseehair.com\/fr\/\"},{\"@type\":\"ListItem\",\"position\":2,\"name\":\"Boutique\",\"item\":\"https:\/\/www.hueseehair.com\/fr\/boutique\/\"},{\"@type\":\"ListItem\",\"position\":3,\"name\":\"D\u00e9veloppeurs permanents\"}]},{\"@type\":\"WebSite\",\"@id\":\"https:\/\/www.hueseehair.com\/fr\/#website\",\"url\":\"https:\/\/www.hueseehair.com\/fr\/\",\"name\":\"HueSee\",\"description\":\"Simplement brillant\",\"publisher\":{\"@id\":\"https:\/\/www.hueseehair.com\/fr\/#organization\"},\"potentialAction\":[{\"@type\":\"SearchAction\",\"target\":{\"@type\":\"EntryPoint\",\"urlTemplate\":\"https:\/\/www.hueseehair.com\/fr\/?s={search_term_string}\"},\"query-input\":{\"@type\":\"PropertyValueSpecification\",\"valueRequired\":true,\"valueName\":\"search_term_string\"}}],\"inLanguage\":\"fr-CA\"},{\"@type\":\"Organization\",\"@id\":\"https:\/\/www.hueseehair.com\/fr\/#organization\",\"name\":\"HueSee\",\"url\":\"https:\/\/www.hueseehair.com\/fr\/\",\"logo\":{\"@type\":\"ImageObject\",\"inLanguage\":\"fr-CA\",\"@id\":\"https:\/\/www.hueseehair.com\/fr\/#\/schema\/logo\/image\/\",\"url\":\"https:\/\/www.hueseehair.com\/app\/uploads\/2022\/09\/huesee-fb-img-1.jpg\",\"contentUrl\":\"https:\/\/www.hueseehair.com\/app\/uploads\/2022\/09\/huesee-fb-img-1.jpg\",\"width\":1200,\"height\":627,\"caption\":\"HueSee\"},\"image\":{\"@id\":\"https:\/\/www.hueseehair.com\/fr\/#\/schema\/logo\/image\/\"},\"sameAs\":[\"https:\/\/www.instagram.com\/hueseehair\/\"]}]}<\/script>\n<!-- \/ Yoast SEO Premium plugin. -->","yoast_head_json":{"title":"D\u00e9veloppeurs permanents | HueSee","robots":{"index":"index","follow":"follow","max-snippet":"max-snippet:-1","max-image-preview":"max-image-preview:large","max-video-preview":"max-video-preview:-1"},"canonical":"https:\/\/www.hueseehair.com\/fr\/produit\/developpeurs-permanents-1l\/","og_locale":"fr_CA","og_type":"article","og_title":"D\u00e9veloppeurs permanents","og_description":"Nos d\u00e9veloppeurs permanents sont offerts en 10, 15, 20, 30 et 40 volumes pour r\u00e9pondre \u00e0 tous vos besoins. Ils permettent une application fluide et une saturation optimale de la coloration ou du d\u00e9colorant dans les cheveux. Choisissez les volumes qui r\u00e9pondent \u00e0 vos besoins.","og_url":"https:\/\/www.hueseehair.com\/fr\/produit\/developpeurs-permanents-1l\/","og_site_name":"HueSee","article_modified_time":"2026-05-04T15:45:55+00:00","og_image":[{"width":2475,"height":2475,"url":"https:\/\/www.hueseehair.com\/app\/uploads\/2022\/08\/hs-mock-developpeur-20v-web-1.png","type":"image\/png"}],"twitter_card":"summary_large_image","schema":{"@context":"https:\/\/schema.org","@graph":[{"@type":"WebPage","@id":"https:\/\/www.hueseehair.com\/fr\/produit\/developpeurs-permanents-1l\/","url":"https:\/\/www.hueseehair.com\/fr\/produit\/developpeurs-permanents-1l\/","name":"D\u00e9veloppeurs permanents | HueSee","isPartOf":{"@id":"https:\/\/www.hueseehair.com\/fr\/#website"},"primaryImageOfPage":{"@id":"https:\/\/www.hueseehair.com\/fr\/produit\/developpeurs-permanents-1l\/#primaryimage"},"image":{"@id":"https:\/\/www.hueseehair.com\/fr\/produit\/developpeurs-permanents-1l\/#primaryimage"},"thumbnailUrl":"https:\/\/www.hueseehair.com\/app\/uploads\/2022\/08\/hs-mock-developpeur-20v-web-1.png","datePublished":"2022-08-17T18:48:19+00:00","dateModified":"2026-05-04T15:45:55+00:00","breadcrumb":{"@id":"https:\/\/www.hueseehair.com\/fr\/produit\/developpeurs-permanents-1l\/#breadcrumb"},"inLanguage":"fr-CA","potentialAction":[{"@type":"ReadAction","target":["https:\/\/www.hueseehair.com\/fr\/produit\/developpeurs-permanents-1l\/"]}]},{"@type":"ImageObject","inLanguage":"fr-CA","@id":"https:\/\/www.hueseehair.com\/fr\/produit\/developpeurs-permanents-1l\/#primaryimage","url":"https:\/\/www.hueseehair.com\/app\/uploads\/2022\/08\/hs-mock-developpeur-20v-web-1.png","contentUrl":"https:\/\/www.hueseehair.com\/app\/uploads\/2022\/08\/hs-mock-developpeur-20v-web-1.png","width":2475,"height":2475},{"@type":"BreadcrumbList","@id":"https:\/\/www.hueseehair.com\/fr\/produit\/developpeurs-permanents-1l\/#breadcrumb","itemListElement":[{"@type":"ListItem","position":1,"name":"Accueil","item":"https:\/\/www.hueseehair.com\/fr\/"},{"@type":"ListItem","position":2,"name":"Boutique","item":"https:\/\/www.hueseehair.com\/fr\/boutique\/"},{"@type":"ListItem","position":3,"name":"D\u00e9veloppeurs permanents"}]},{"@type":"WebSite","@id":"https:\/\/www.hueseehair.com\/fr\/#website","url":"https:\/\/www.hueseehair.com\/fr\/","name":"HueSee","description":"Simplement brillant","publisher":{"@id":"https:\/\/www.hueseehair.com\/fr\/#organization"},"potentialAction":[{"@type":"SearchAction","target":{"@type":"EntryPoint","urlTemplate":"https:\/\/www.hueseehair.com\/fr\/?s={search_term_string}"},"query-input":{"@type":"PropertyValueSpecification","valueRequired":true,"valueName":"search_term_string"}}],"inLanguage":"fr-CA"},{"@type":"Organization","@id":"https:\/\/www.hueseehair.com\/fr\/#organization","name":"HueSee","url":"https:\/\/www.hueseehair.com\/fr\/","logo":{"@type":"ImageObject","inLanguage":"fr-CA","@id":"https:\/\/www.hueseehair.com\/fr\/#\/schema\/logo\/image\/","url":"https:\/\/www.hueseehair.com\/app\/uploads\/2022\/09\/huesee-fb-img-1.jpg","contentUrl":"https:\/\/www.hueseehair.com\/app\/uploads\/2022\/09\/huesee-fb-img-1.jpg","width":1200,"height":627,"caption":"HueSee"},"image":{"@id":"https:\/\/www.hueseehair.com\/fr\/#\/schema\/logo\/image\/"},"sameAs":["https:\/\/www.instagram.com\/hueseehair\/"]}]}},"_links":{"self":[{"href":"https:\/\/www.hueseehair.com\/fr\/wp-json\/wp\/v2\/product\/697","targetHints":{"allow":["GET"]}}],"collection":[{"href":"https:\/\/www.hueseehair.com\/fr\/wp-json\/wp\/v2\/product"}],"about":[{"href":"https:\/\/www.hueseehair.com\/fr\/wp-json\/wp\/v2\/types\/product"}],"wp:featuredmedia":[{"embeddable":true,"href":"https:\/\/www.hueseehair.com\/fr\/wp-json\/wp\/v2\/media\/883"}],"wp:attachment":[{"href":"https:\/\/www.hueseehair.com\/fr\/wp-json\/wp\/v2\/media?parent=697"}],"wp:term":[{"taxonomy":"product_brand","embeddable":true,"href":"https:\/\/www.hueseehair.com\/fr\/wp-json\/wp\/v2\/product_brand?post=697"},{"taxonomy":"product_cat","embeddable":true,"href":"https:\/\/www.hueseehair.com\/fr\/wp-json\/wp\/v2\/product_cat?post=697"},{"taxonomy":"product_tag","embeddable":true,"href":"https:\/\/www.hueseehair.com\/fr\/wp-json\/wp\/v2\/product_tag?post=697"}],"curies":[{"name":"wp","href":"https:\/\/api.w.org\/{rel}","templated":true}]}}