{"id":689,"date":"2022-08-17T14:48:20","date_gmt":"2022-08-17T18:48:20","guid":{"rendered":"https:\/\/www.hueseehair.com\/?post_type=product&#038;p=689"},"modified":"2026-05-04T11:45:55","modified_gmt":"2026-05-04T15:45:55","slug":"amplificateurs-eclaircissants-magic-100ml","status":"publish","type":"product","link":"https:\/\/www.hueseehair.com\/fr\/produit\/amplificateurs-eclaircissants-magic-100ml\/","title":{"rendered":"Amplificateurs \u00e9claircissants Magic 100ml"},"content":{"rendered":"<p>Cr\u00e9ez une coloration permanente vibrante et color\u00e9e sans passer par l\u2019\u00e9tape de la d\u00e9coloration! Nos Magic amplifient et \u00e9claircissent jusqu\u2019\u00e0 4 niveaux. Tr\u00e8s pigment\u00e9s, ils permettent de r\u00e9aliser des effets contrastant sur les cheveux naturels ou color\u00e9s. D\u00e9couvrez nos nuances amplificatrices et \u00e9claircissantes Magic.<\/p>\n","protected":false},"excerpt":{"rendered":"<p>Cr\u00e9ez une coloration permanente vibrante et color\u00e9e sans passer par l\u2019\u00e9tape de la d\u00e9coloration! Nos Magic amplifient et \u00e9claircissent jusqu\u2019\u00e0 4 niveaux. Tr\u00e8s pigment\u00e9s, ils permettent de r\u00e9aliser des effets contrastant sur les cheveux naturels ou color\u00e9s. D\u00e9couvrez nos nuances amplificatrices et \u00e9claircissantes Magic.<\/p>\n","protected":false},"featured_media":905,"template":"","meta":{"_acf_changed":false,"_relevanssi_hide_post":"","_relevanssi_hide_content":"","_relevanssi_pin_for_all":"","_relevanssi_pin_keywords":"","_relevanssi_unpin_keywords":"","_relevanssi_related_keywords":"","_relevanssi_related_include_ids":"","_relevanssi_related_exclude_ids":"","_relevanssi_related_no_append":"","_relevanssi_related_not_related":"","_relevanssi_related_posts":"","_relevanssi_noindex_reason":""},"product_brand":[],"product_cat":[134,137],"product_tag":[],"class_list":{"0":"post-689","1":"product","2":"type-product","3":"status-publish","4":"has-post-thumbnail","6":"product_ingredient-acides-gras-vegetaux-de-noix-de-coco","7":"product_ingredient-cire-dabeille-synthetique","8":"product_ingredient-polyquaternium-22","9":"product_ingredient-alcool-cetearylique","10":"product_cat-coloration","11":"product_cat-nuances","13":"first","14":"instock","15":"taxable","16":"shipping-taxable","17":"product-type-variable"},"acf":[],"yoast_head":"<!-- This site is optimized with the Yoast SEO Premium plugin v20.4 (Yoast SEO v24.6) - https:\/\/yoast.com\/wordpress\/plugins\/seo\/ -->\n<title>Amplificateurs \u00e9claircissants Magic 100ml | HueSee<\/title>\n<meta name=\"robots\" content=\"index, follow, max-snippet:-1, max-image-preview:large, max-video-preview:-1\" \/>\n<link rel=\"canonical\" href=\"https:\/\/www.hueseehair.com\/fr\/produit\/amplificateurs-eclaircissants-magic-100ml\/\" \/>\n<meta property=\"og:locale\" content=\"fr_CA\" \/>\n<meta property=\"og:type\" content=\"article\" \/>\n<meta property=\"og:title\" content=\"Amplificateurs \u00e9claircissants Magic 100ml\" \/>\n<meta property=\"og:description\" content=\"Cr\u00e9ez une coloration permanente vibrante et color\u00e9e sans passer par l\u2019\u00e9tape de la d\u00e9coloration! Nos Magic amplifient et \u00e9claircissent jusqu\u2019\u00e0 4 niveaux. Tr\u00e8s pigment\u00e9s, ils permettent de r\u00e9aliser des effets contrastant sur les cheveux naturels ou color\u00e9s. D\u00e9couvrez nos nuances amplificatrices et \u00e9claircissantes Magic.\" \/>\n<meta property=\"og:url\" content=\"https:\/\/www.hueseehair.com\/fr\/produit\/amplificateurs-eclaircissants-magic-100ml\/\" \/>\n<meta property=\"og:site_name\" content=\"HueSee\" \/>\n<meta property=\"article:modified_time\" content=\"2026-05-04T15:45:55+00:00\" \/>\n<meta property=\"og:image\" content=\"https:\/\/www.hueseehair.com\/app\/uploads\/2022\/08\/hs-mock-colo-magic-web-1.png\" \/>\n\t<meta property=\"og:image:width\" content=\"2475\" \/>\n\t<meta property=\"og:image:height\" content=\"2473\" \/>\n\t<meta property=\"og:image:type\" content=\"image\/png\" \/>\n<meta name=\"twitter:card\" content=\"summary_large_image\" \/>\n<script type=\"application\/ld+json\" class=\"yoast-schema-graph\">{\"@context\":\"https:\/\/schema.org\",\"@graph\":[{\"@type\":\"WebPage\",\"@id\":\"https:\/\/www.hueseehair.com\/fr\/produit\/amplificateurs-eclaircissants-magic-100ml\/\",\"url\":\"https:\/\/www.hueseehair.com\/fr\/produit\/amplificateurs-eclaircissants-magic-100ml\/\",\"name\":\"Amplificateurs \u00e9claircissants Magic 100ml | HueSee\",\"isPartOf\":{\"@id\":\"https:\/\/www.hueseehair.com\/fr\/#website\"},\"primaryImageOfPage\":{\"@id\":\"https:\/\/www.hueseehair.com\/fr\/produit\/amplificateurs-eclaircissants-magic-100ml\/#primaryimage\"},\"image\":{\"@id\":\"https:\/\/www.hueseehair.com\/fr\/produit\/amplificateurs-eclaircissants-magic-100ml\/#primaryimage\"},\"thumbnailUrl\":\"https:\/\/www.hueseehair.com\/app\/uploads\/2022\/08\/hs-mock-colo-magic-web-1.png\",\"datePublished\":\"2022-08-17T18:48:20+00:00\",\"dateModified\":\"2026-05-04T15:45:55+00:00\",\"breadcrumb\":{\"@id\":\"https:\/\/www.hueseehair.com\/fr\/produit\/amplificateurs-eclaircissants-magic-100ml\/#breadcrumb\"},\"inLanguage\":\"fr-CA\",\"potentialAction\":[{\"@type\":\"ReadAction\",\"target\":[\"https:\/\/www.hueseehair.com\/fr\/produit\/amplificateurs-eclaircissants-magic-100ml\/\"]}]},{\"@type\":\"ImageObject\",\"inLanguage\":\"fr-CA\",\"@id\":\"https:\/\/www.hueseehair.com\/fr\/produit\/amplificateurs-eclaircissants-magic-100ml\/#primaryimage\",\"url\":\"https:\/\/www.hueseehair.com\/app\/uploads\/2022\/08\/hs-mock-colo-magic-web-1.png\",\"contentUrl\":\"https:\/\/www.hueseehair.com\/app\/uploads\/2022\/08\/hs-mock-colo-magic-web-1.png\",\"width\":2475,\"height\":2473},{\"@type\":\"BreadcrumbList\",\"@id\":\"https:\/\/www.hueseehair.com\/fr\/produit\/amplificateurs-eclaircissants-magic-100ml\/#breadcrumb\",\"itemListElement\":[{\"@type\":\"ListItem\",\"position\":1,\"name\":\"Accueil\",\"item\":\"https:\/\/www.hueseehair.com\/fr\/\"},{\"@type\":\"ListItem\",\"position\":2,\"name\":\"Boutique\",\"item\":\"https:\/\/www.hueseehair.com\/fr\/boutique\/\"},{\"@type\":\"ListItem\",\"position\":3,\"name\":\"Amplificateurs \u00e9claircissants Magic 100ml\"}]},{\"@type\":\"WebSite\",\"@id\":\"https:\/\/www.hueseehair.com\/fr\/#website\",\"url\":\"https:\/\/www.hueseehair.com\/fr\/\",\"name\":\"HueSee\",\"description\":\"Simplement brillant\",\"publisher\":{\"@id\":\"https:\/\/www.hueseehair.com\/fr\/#organization\"},\"potentialAction\":[{\"@type\":\"SearchAction\",\"target\":{\"@type\":\"EntryPoint\",\"urlTemplate\":\"https:\/\/www.hueseehair.com\/fr\/?s={search_term_string}\"},\"query-input\":{\"@type\":\"PropertyValueSpecification\",\"valueRequired\":true,\"valueName\":\"search_term_string\"}}],\"inLanguage\":\"fr-CA\"},{\"@type\":\"Organization\",\"@id\":\"https:\/\/www.hueseehair.com\/fr\/#organization\",\"name\":\"HueSee\",\"url\":\"https:\/\/www.hueseehair.com\/fr\/\",\"logo\":{\"@type\":\"ImageObject\",\"inLanguage\":\"fr-CA\",\"@id\":\"https:\/\/www.hueseehair.com\/fr\/#\/schema\/logo\/image\/\",\"url\":\"https:\/\/www.hueseehair.com\/app\/uploads\/2022\/09\/huesee-fb-img-1.jpg\",\"contentUrl\":\"https:\/\/www.hueseehair.com\/app\/uploads\/2022\/09\/huesee-fb-img-1.jpg\",\"width\":1200,\"height\":627,\"caption\":\"HueSee\"},\"image\":{\"@id\":\"https:\/\/www.hueseehair.com\/fr\/#\/schema\/logo\/image\/\"},\"sameAs\":[\"https:\/\/www.instagram.com\/hueseehair\/\"]}]}<\/script>\n<!-- \/ Yoast SEO Premium plugin. -->","yoast_head_json":{"title":"Amplificateurs \u00e9claircissants Magic 100ml | HueSee","robots":{"index":"index","follow":"follow","max-snippet":"max-snippet:-1","max-image-preview":"max-image-preview:large","max-video-preview":"max-video-preview:-1"},"canonical":"https:\/\/www.hueseehair.com\/fr\/produit\/amplificateurs-eclaircissants-magic-100ml\/","og_locale":"fr_CA","og_type":"article","og_title":"Amplificateurs \u00e9claircissants Magic 100ml","og_description":"Cr\u00e9ez une coloration permanente vibrante et color\u00e9e sans passer par l\u2019\u00e9tape de la d\u00e9coloration! Nos Magic amplifient et \u00e9claircissent jusqu\u2019\u00e0 4 niveaux. Tr\u00e8s pigment\u00e9s, ils permettent de r\u00e9aliser des effets contrastant sur les cheveux naturels ou color\u00e9s. D\u00e9couvrez nos nuances amplificatrices et \u00e9claircissantes Magic.","og_url":"https:\/\/www.hueseehair.com\/fr\/produit\/amplificateurs-eclaircissants-magic-100ml\/","og_site_name":"HueSee","article_modified_time":"2026-05-04T15:45:55+00:00","og_image":[{"width":2475,"height":2473,"url":"https:\/\/www.hueseehair.com\/app\/uploads\/2022\/08\/hs-mock-colo-magic-web-1.png","type":"image\/png"}],"twitter_card":"summary_large_image","schema":{"@context":"https:\/\/schema.org","@graph":[{"@type":"WebPage","@id":"https:\/\/www.hueseehair.com\/fr\/produit\/amplificateurs-eclaircissants-magic-100ml\/","url":"https:\/\/www.hueseehair.com\/fr\/produit\/amplificateurs-eclaircissants-magic-100ml\/","name":"Amplificateurs \u00e9claircissants Magic 100ml | HueSee","isPartOf":{"@id":"https:\/\/www.hueseehair.com\/fr\/#website"},"primaryImageOfPage":{"@id":"https:\/\/www.hueseehair.com\/fr\/produit\/amplificateurs-eclaircissants-magic-100ml\/#primaryimage"},"image":{"@id":"https:\/\/www.hueseehair.com\/fr\/produit\/amplificateurs-eclaircissants-magic-100ml\/#primaryimage"},"thumbnailUrl":"https:\/\/www.hueseehair.com\/app\/uploads\/2022\/08\/hs-mock-colo-magic-web-1.png","datePublished":"2022-08-17T18:48:20+00:00","dateModified":"2026-05-04T15:45:55+00:00","breadcrumb":{"@id":"https:\/\/www.hueseehair.com\/fr\/produit\/amplificateurs-eclaircissants-magic-100ml\/#breadcrumb"},"inLanguage":"fr-CA","potentialAction":[{"@type":"ReadAction","target":["https:\/\/www.hueseehair.com\/fr\/produit\/amplificateurs-eclaircissants-magic-100ml\/"]}]},{"@type":"ImageObject","inLanguage":"fr-CA","@id":"https:\/\/www.hueseehair.com\/fr\/produit\/amplificateurs-eclaircissants-magic-100ml\/#primaryimage","url":"https:\/\/www.hueseehair.com\/app\/uploads\/2022\/08\/hs-mock-colo-magic-web-1.png","contentUrl":"https:\/\/www.hueseehair.com\/app\/uploads\/2022\/08\/hs-mock-colo-magic-web-1.png","width":2475,"height":2473},{"@type":"BreadcrumbList","@id":"https:\/\/www.hueseehair.com\/fr\/produit\/amplificateurs-eclaircissants-magic-100ml\/#breadcrumb","itemListElement":[{"@type":"ListItem","position":1,"name":"Accueil","item":"https:\/\/www.hueseehair.com\/fr\/"},{"@type":"ListItem","position":2,"name":"Boutique","item":"https:\/\/www.hueseehair.com\/fr\/boutique\/"},{"@type":"ListItem","position":3,"name":"Amplificateurs \u00e9claircissants Magic 100ml"}]},{"@type":"WebSite","@id":"https:\/\/www.hueseehair.com\/fr\/#website","url":"https:\/\/www.hueseehair.com\/fr\/","name":"HueSee","description":"Simplement brillant","publisher":{"@id":"https:\/\/www.hueseehair.com\/fr\/#organization"},"potentialAction":[{"@type":"SearchAction","target":{"@type":"EntryPoint","urlTemplate":"https:\/\/www.hueseehair.com\/fr\/?s={search_term_string}"},"query-input":{"@type":"PropertyValueSpecification","valueRequired":true,"valueName":"search_term_string"}}],"inLanguage":"fr-CA"},{"@type":"Organization","@id":"https:\/\/www.hueseehair.com\/fr\/#organization","name":"HueSee","url":"https:\/\/www.hueseehair.com\/fr\/","logo":{"@type":"ImageObject","inLanguage":"fr-CA","@id":"https:\/\/www.hueseehair.com\/fr\/#\/schema\/logo\/image\/","url":"https:\/\/www.hueseehair.com\/app\/uploads\/2022\/09\/huesee-fb-img-1.jpg","contentUrl":"https:\/\/www.hueseehair.com\/app\/uploads\/2022\/09\/huesee-fb-img-1.jpg","width":1200,"height":627,"caption":"HueSee"},"image":{"@id":"https:\/\/www.hueseehair.com\/fr\/#\/schema\/logo\/image\/"},"sameAs":["https:\/\/www.instagram.com\/hueseehair\/"]}]}},"_links":{"self":[{"href":"https:\/\/www.hueseehair.com\/fr\/wp-json\/wp\/v2\/product\/689","targetHints":{"allow":["GET"]}}],"collection":[{"href":"https:\/\/www.hueseehair.com\/fr\/wp-json\/wp\/v2\/product"}],"about":[{"href":"https:\/\/www.hueseehair.com\/fr\/wp-json\/wp\/v2\/types\/product"}],"wp:featuredmedia":[{"embeddable":true,"href":"https:\/\/www.hueseehair.com\/fr\/wp-json\/wp\/v2\/media\/905"}],"wp:attachment":[{"href":"https:\/\/www.hueseehair.com\/fr\/wp-json\/wp\/v2\/media?parent=689"}],"wp:term":[{"taxonomy":"product_brand","embeddable":true,"href":"https:\/\/www.hueseehair.com\/fr\/wp-json\/wp\/v2\/product_brand?post=689"},{"taxonomy":"product_cat","embeddable":true,"href":"https:\/\/www.hueseehair.com\/fr\/wp-json\/wp\/v2\/product_cat?post=689"},{"taxonomy":"product_tag","embeddable":true,"href":"https:\/\/www.hueseehair.com\/fr\/wp-json\/wp\/v2\/product_tag?post=689"}],"curies":[{"name":"wp","href":"https:\/\/api.w.org\/{rel}","templated":true}]}}