{"id":679,"date":"2022-08-17T14:48:21","date_gmt":"2022-08-17T18:48:21","guid":{"rendered":"https:\/\/www.hueseehair.com\/?post_type=product&#038;p=679"},"modified":"2026-05-01T05:01:11","modified_gmt":"2026-05-01T09:01:11","slug":"amplificateurs-100ml","status":"publish","type":"product","link":"https:\/\/www.hueseehair.com\/fr\/produit\/amplificateurs-100ml\/","title":{"rendered":"Amplificateurs 100ml"},"content":{"rendered":"<p>Gr\u00e2ce \u00e0 nos amplificateurs permanents et demi-permanents tr\u00e8s pigment\u00e9s, neutraliser ou rehausser un reflet ou ajouter de la profondeur \u00e0 une coloration permanente ou demi-permanente n&rsquo;aura jamais \u00e9t\u00e9 aussi facile. Et lorsqu&rsquo;utilis\u00e9s dans leur version permanente, nos amplificateurs permettent de cr\u00e9er une coloration permanente vibrante et color\u00e9e sur des cheveux pr\u00e9\u00e9claircis. D\u00e9couvrez nos nuances amplificatrices.<\/p>\n","protected":false},"excerpt":{"rendered":"<p>Gr\u00e2ce \u00e0 nos amplificateurs permanents et demi-permanents tr\u00e8s pigment\u00e9s, neutraliser ou rehausser un reflet ou ajouter de la profondeur \u00e0 une coloration permanente ou demi-permanente n&rsquo;aura jamais \u00e9t\u00e9 aussi facile. Et lorsqu&rsquo;utilis\u00e9s dans leur version permanente, nos amplificateurs permettent de cr\u00e9er une coloration permanente vibrante et color\u00e9e sur des cheveux &hellip; <a href=\"https:\/\/www.hueseehair.com\/fr\/produit\/amplificateurs-100ml\/\">Suivant<\/a><\/p>\n","protected":false},"featured_media":907,"template":"","meta":{"_acf_changed":false,"_relevanssi_hide_post":"","_relevanssi_hide_content":"","_relevanssi_pin_for_all":"","_relevanssi_pin_keywords":"","_relevanssi_unpin_keywords":"","_relevanssi_related_keywords":"","_relevanssi_related_include_ids":"","_relevanssi_related_exclude_ids":"","_relevanssi_related_no_append":"","_relevanssi_related_not_related":"","_relevanssi_related_posts":"","_relevanssi_noindex_reason":""},"product_brand":[],"product_cat":[134,137],"product_tag":[],"class_list":{"0":"post-679","1":"product","2":"type-product","3":"status-publish","4":"has-post-thumbnail","6":"product_ingredient-acides-gras-vegetaux-de-noix-de-coco","7":"product_ingredient-cire-dabeille-synthetique","8":"product_ingredient-polyquaternium-22","9":"product_ingredient-alcool-cetearylique","10":"product_ingredient-proteine-de-pois-hydrolysee","11":"product_cat-coloration","12":"product_cat-nuances","14":"first","15":"instock","16":"taxable","17":"shipping-taxable","18":"product-type-variable"},"acf":[],"yoast_head":"<!-- This site is optimized with the Yoast SEO Premium plugin v20.4 (Yoast SEO v24.6) - https:\/\/yoast.com\/wordpress\/plugins\/seo\/ -->\n<title>Amplificateurs 100ml | HueSee<\/title>\n<meta name=\"robots\" content=\"index, follow, max-snippet:-1, max-image-preview:large, max-video-preview:-1\" \/>\n<link rel=\"canonical\" href=\"https:\/\/www.hueseehair.com\/fr\/produit\/amplificateurs-100ml\/\" \/>\n<meta property=\"og:locale\" content=\"fr_CA\" \/>\n<meta property=\"og:type\" content=\"article\" \/>\n<meta property=\"og:title\" content=\"Amplificateurs 100ml\" \/>\n<meta property=\"og:description\" content=\"Gr\u00e2ce \u00e0 nos amplificateurs permanents et demi-permanents tr\u00e8s pigment\u00e9s, neutraliser ou rehausser un reflet ou ajouter de la profondeur \u00e0 une coloration permanente ou demi-permanente n&rsquo;aura jamais \u00e9t\u00e9 aussi facile. Et lorsqu&rsquo;utilis\u00e9s dans leur version permanente, nos amplificateurs permettent de cr\u00e9er une coloration permanente vibrante et color\u00e9e sur des cheveux &hellip; Suivant\" \/>\n<meta property=\"og:url\" content=\"https:\/\/www.hueseehair.com\/fr\/produit\/amplificateurs-100ml\/\" \/>\n<meta property=\"og:site_name\" content=\"HueSee\" \/>\n<meta property=\"article:modified_time\" content=\"2026-05-01T09:01:11+00:00\" \/>\n<meta property=\"og:image\" content=\"https:\/\/www.hueseehair.com\/app\/uploads\/2022\/08\/hs-mock-colo-booster-web.png\" \/>\n\t<meta property=\"og:image:width\" content=\"2475\" \/>\n\t<meta property=\"og:image:height\" content=\"2475\" \/>\n\t<meta property=\"og:image:type\" content=\"image\/png\" \/>\n<meta name=\"twitter:card\" content=\"summary_large_image\" \/>\n<script type=\"application\/ld+json\" class=\"yoast-schema-graph\">{\"@context\":\"https:\/\/schema.org\",\"@graph\":[{\"@type\":\"WebPage\",\"@id\":\"https:\/\/www.hueseehair.com\/fr\/produit\/amplificateurs-100ml\/\",\"url\":\"https:\/\/www.hueseehair.com\/fr\/produit\/amplificateurs-100ml\/\",\"name\":\"Amplificateurs 100ml | HueSee\",\"isPartOf\":{\"@id\":\"https:\/\/www.hueseehair.com\/fr\/#website\"},\"primaryImageOfPage\":{\"@id\":\"https:\/\/www.hueseehair.com\/fr\/produit\/amplificateurs-100ml\/#primaryimage\"},\"image\":{\"@id\":\"https:\/\/www.hueseehair.com\/fr\/produit\/amplificateurs-100ml\/#primaryimage\"},\"thumbnailUrl\":\"https:\/\/www.hueseehair.com\/app\/uploads\/2022\/08\/hs-mock-colo-booster-web.png\",\"datePublished\":\"2022-08-17T18:48:21+00:00\",\"dateModified\":\"2026-05-01T09:01:11+00:00\",\"breadcrumb\":{\"@id\":\"https:\/\/www.hueseehair.com\/fr\/produit\/amplificateurs-100ml\/#breadcrumb\"},\"inLanguage\":\"fr-CA\",\"potentialAction\":[{\"@type\":\"ReadAction\",\"target\":[\"https:\/\/www.hueseehair.com\/fr\/produit\/amplificateurs-100ml\/\"]}]},{\"@type\":\"ImageObject\",\"inLanguage\":\"fr-CA\",\"@id\":\"https:\/\/www.hueseehair.com\/fr\/produit\/amplificateurs-100ml\/#primaryimage\",\"url\":\"https:\/\/www.hueseehair.com\/app\/uploads\/2022\/08\/hs-mock-colo-booster-web.png\",\"contentUrl\":\"https:\/\/www.hueseehair.com\/app\/uploads\/2022\/08\/hs-mock-colo-booster-web.png\",\"width\":2475,\"height\":2475},{\"@type\":\"BreadcrumbList\",\"@id\":\"https:\/\/www.hueseehair.com\/fr\/produit\/amplificateurs-100ml\/#breadcrumb\",\"itemListElement\":[{\"@type\":\"ListItem\",\"position\":1,\"name\":\"Accueil\",\"item\":\"https:\/\/www.hueseehair.com\/fr\/\"},{\"@type\":\"ListItem\",\"position\":2,\"name\":\"Boutique\",\"item\":\"https:\/\/www.hueseehair.com\/fr\/boutique\/\"},{\"@type\":\"ListItem\",\"position\":3,\"name\":\"Amplificateurs 100ml\"}]},{\"@type\":\"WebSite\",\"@id\":\"https:\/\/www.hueseehair.com\/fr\/#website\",\"url\":\"https:\/\/www.hueseehair.com\/fr\/\",\"name\":\"HueSee\",\"description\":\"Simplement brillant\",\"publisher\":{\"@id\":\"https:\/\/www.hueseehair.com\/fr\/#organization\"},\"potentialAction\":[{\"@type\":\"SearchAction\",\"target\":{\"@type\":\"EntryPoint\",\"urlTemplate\":\"https:\/\/www.hueseehair.com\/fr\/?s={search_term_string}\"},\"query-input\":{\"@type\":\"PropertyValueSpecification\",\"valueRequired\":true,\"valueName\":\"search_term_string\"}}],\"inLanguage\":\"fr-CA\"},{\"@type\":\"Organization\",\"@id\":\"https:\/\/www.hueseehair.com\/fr\/#organization\",\"name\":\"HueSee\",\"url\":\"https:\/\/www.hueseehair.com\/fr\/\",\"logo\":{\"@type\":\"ImageObject\",\"inLanguage\":\"fr-CA\",\"@id\":\"https:\/\/www.hueseehair.com\/fr\/#\/schema\/logo\/image\/\",\"url\":\"https:\/\/www.hueseehair.com\/app\/uploads\/2022\/09\/huesee-fb-img-1.jpg\",\"contentUrl\":\"https:\/\/www.hueseehair.com\/app\/uploads\/2022\/09\/huesee-fb-img-1.jpg\",\"width\":1200,\"height\":627,\"caption\":\"HueSee\"},\"image\":{\"@id\":\"https:\/\/www.hueseehair.com\/fr\/#\/schema\/logo\/image\/\"},\"sameAs\":[\"https:\/\/www.instagram.com\/hueseehair\/\"]}]}<\/script>\n<!-- \/ Yoast SEO Premium plugin. -->","yoast_head_json":{"title":"Amplificateurs 100ml | HueSee","robots":{"index":"index","follow":"follow","max-snippet":"max-snippet:-1","max-image-preview":"max-image-preview:large","max-video-preview":"max-video-preview:-1"},"canonical":"https:\/\/www.hueseehair.com\/fr\/produit\/amplificateurs-100ml\/","og_locale":"fr_CA","og_type":"article","og_title":"Amplificateurs 100ml","og_description":"Gr\u00e2ce \u00e0 nos amplificateurs permanents et demi-permanents tr\u00e8s pigment\u00e9s, neutraliser ou rehausser un reflet ou ajouter de la profondeur \u00e0 une coloration permanente ou demi-permanente n&rsquo;aura jamais \u00e9t\u00e9 aussi facile. Et lorsqu&rsquo;utilis\u00e9s dans leur version permanente, nos amplificateurs permettent de cr\u00e9er une coloration permanente vibrante et color\u00e9e sur des cheveux &hellip; Suivant","og_url":"https:\/\/www.hueseehair.com\/fr\/produit\/amplificateurs-100ml\/","og_site_name":"HueSee","article_modified_time":"2026-05-01T09:01:11+00:00","og_image":[{"width":2475,"height":2475,"url":"https:\/\/www.hueseehair.com\/app\/uploads\/2022\/08\/hs-mock-colo-booster-web.png","type":"image\/png"}],"twitter_card":"summary_large_image","schema":{"@context":"https:\/\/schema.org","@graph":[{"@type":"WebPage","@id":"https:\/\/www.hueseehair.com\/fr\/produit\/amplificateurs-100ml\/","url":"https:\/\/www.hueseehair.com\/fr\/produit\/amplificateurs-100ml\/","name":"Amplificateurs 100ml | HueSee","isPartOf":{"@id":"https:\/\/www.hueseehair.com\/fr\/#website"},"primaryImageOfPage":{"@id":"https:\/\/www.hueseehair.com\/fr\/produit\/amplificateurs-100ml\/#primaryimage"},"image":{"@id":"https:\/\/www.hueseehair.com\/fr\/produit\/amplificateurs-100ml\/#primaryimage"},"thumbnailUrl":"https:\/\/www.hueseehair.com\/app\/uploads\/2022\/08\/hs-mock-colo-booster-web.png","datePublished":"2022-08-17T18:48:21+00:00","dateModified":"2026-05-01T09:01:11+00:00","breadcrumb":{"@id":"https:\/\/www.hueseehair.com\/fr\/produit\/amplificateurs-100ml\/#breadcrumb"},"inLanguage":"fr-CA","potentialAction":[{"@type":"ReadAction","target":["https:\/\/www.hueseehair.com\/fr\/produit\/amplificateurs-100ml\/"]}]},{"@type":"ImageObject","inLanguage":"fr-CA","@id":"https:\/\/www.hueseehair.com\/fr\/produit\/amplificateurs-100ml\/#primaryimage","url":"https:\/\/www.hueseehair.com\/app\/uploads\/2022\/08\/hs-mock-colo-booster-web.png","contentUrl":"https:\/\/www.hueseehair.com\/app\/uploads\/2022\/08\/hs-mock-colo-booster-web.png","width":2475,"height":2475},{"@type":"BreadcrumbList","@id":"https:\/\/www.hueseehair.com\/fr\/produit\/amplificateurs-100ml\/#breadcrumb","itemListElement":[{"@type":"ListItem","position":1,"name":"Accueil","item":"https:\/\/www.hueseehair.com\/fr\/"},{"@type":"ListItem","position":2,"name":"Boutique","item":"https:\/\/www.hueseehair.com\/fr\/boutique\/"},{"@type":"ListItem","position":3,"name":"Amplificateurs 100ml"}]},{"@type":"WebSite","@id":"https:\/\/www.hueseehair.com\/fr\/#website","url":"https:\/\/www.hueseehair.com\/fr\/","name":"HueSee","description":"Simplement brillant","publisher":{"@id":"https:\/\/www.hueseehair.com\/fr\/#organization"},"potentialAction":[{"@type":"SearchAction","target":{"@type":"EntryPoint","urlTemplate":"https:\/\/www.hueseehair.com\/fr\/?s={search_term_string}"},"query-input":{"@type":"PropertyValueSpecification","valueRequired":true,"valueName":"search_term_string"}}],"inLanguage":"fr-CA"},{"@type":"Organization","@id":"https:\/\/www.hueseehair.com\/fr\/#organization","name":"HueSee","url":"https:\/\/www.hueseehair.com\/fr\/","logo":{"@type":"ImageObject","inLanguage":"fr-CA","@id":"https:\/\/www.hueseehair.com\/fr\/#\/schema\/logo\/image\/","url":"https:\/\/www.hueseehair.com\/app\/uploads\/2022\/09\/huesee-fb-img-1.jpg","contentUrl":"https:\/\/www.hueseehair.com\/app\/uploads\/2022\/09\/huesee-fb-img-1.jpg","width":1200,"height":627,"caption":"HueSee"},"image":{"@id":"https:\/\/www.hueseehair.com\/fr\/#\/schema\/logo\/image\/"},"sameAs":["https:\/\/www.instagram.com\/hueseehair\/"]}]}},"_links":{"self":[{"href":"https:\/\/www.hueseehair.com\/fr\/wp-json\/wp\/v2\/product\/679","targetHints":{"allow":["GET"]}}],"collection":[{"href":"https:\/\/www.hueseehair.com\/fr\/wp-json\/wp\/v2\/product"}],"about":[{"href":"https:\/\/www.hueseehair.com\/fr\/wp-json\/wp\/v2\/types\/product"}],"wp:featuredmedia":[{"embeddable":true,"href":"https:\/\/www.hueseehair.com\/fr\/wp-json\/wp\/v2\/media\/907"}],"wp:attachment":[{"href":"https:\/\/www.hueseehair.com\/fr\/wp-json\/wp\/v2\/media?parent=679"}],"wp:term":[{"taxonomy":"product_brand","embeddable":true,"href":"https:\/\/www.hueseehair.com\/fr\/wp-json\/wp\/v2\/product_brand?post=679"},{"taxonomy":"product_cat","embeddable":true,"href":"https:\/\/www.hueseehair.com\/fr\/wp-json\/wp\/v2\/product_cat?post=679"},{"taxonomy":"product_tag","embeddable":true,"href":"https:\/\/www.hueseehair.com\/fr\/wp-json\/wp\/v2\/product_tag?post=679"}],"curies":[{"name":"wp","href":"https:\/\/api.w.org\/{rel}","templated":true}]}}