{"id":3763,"date":"2024-05-30T10:30:18","date_gmt":"2024-05-30T14:30:18","guid":{"rendered":"https:\/\/www.hueseehair.com\/?post_type=product&#038;p=3763"},"modified":"2026-04-29T03:00:49","modified_gmt":"2026-04-29T07:00:49","slug":"boite-techvelvet","status":"publish","type":"product","link":"https:\/\/www.hueseehair.com\/fr\/produit\/boite-techvelvet\/","title":{"rendered":"Boite #TechVelvet"},"content":{"rendered":"","protected":false},"excerpt":{"rendered":"","protected":false},"featured_media":3738,"template":"","meta":{"_acf_changed":false,"_relevanssi_hide_post":"","_relevanssi_hide_content":"","_relevanssi_pin_for_all":"","_relevanssi_pin_keywords":"","_relevanssi_unpin_keywords":"","_relevanssi_related_keywords":"","_relevanssi_related_include_ids":"","_relevanssi_related_exclude_ids":"","_relevanssi_related_no_append":"","_relevanssi_related_not_related":"","_relevanssi_related_posts":"","_relevanssi_noindex_reason":""},"product_brand":[],"product_cat":[134,137],"product_tag":[],"class_list":{"0":"post-3763","1":"product","2":"type-product","3":"status-publish","4":"has-post-thumbnail","6":"product_cat-coloration","7":"product_cat-nuances","9":"first","10":"instock","11":"taxable","12":"shipping-taxable","13":"product-type-woosb"},"acf":[],"yoast_head":"<!-- This site is optimized with the Yoast SEO Premium plugin v20.4 (Yoast SEO v24.6) - https:\/\/yoast.com\/wordpress\/plugins\/seo\/ -->\n<title>Boite #TechVelvet | HueSee<\/title>\n<meta name=\"description\" content=\"Offre exclusive: bo\u00eete #TechVelvet de juin. Recr\u00e9ez le look rouge velours de Daria avec nos colorations HueSee et d\u00e9veloppeurs. Commandez maintenant !\" \/>\n<meta name=\"robots\" content=\"index, follow, max-snippet:-1, max-image-preview:large, max-video-preview:-1\" \/>\n<link rel=\"canonical\" href=\"https:\/\/www.hueseehair.com\/fr\/produit\/boite-techvelvet\/\" \/>\n<meta property=\"og:locale\" content=\"fr_CA\" \/>\n<meta property=\"og:type\" content=\"article\" \/>\n<meta property=\"og:title\" content=\"Boite #TechVelvet\" \/>\n<meta property=\"og:description\" content=\"Offre exclusive: bo\u00eete #TechVelvet de juin. Recr\u00e9ez le look rouge velours de Daria avec nos colorations HueSee et d\u00e9veloppeurs. Commandez maintenant !\" \/>\n<meta property=\"og:url\" content=\"https:\/\/www.hueseehair.com\/fr\/produit\/boite-techvelvet\/\" \/>\n<meta property=\"og:site_name\" content=\"HueSee\" \/>\n<meta property=\"article:modified_time\" content=\"2026-04-29T07:00:49+00:00\" \/>\n<meta property=\"og:image\" content=\"https:\/\/www.hueseehair.com\/app\/uploads\/2024\/05\/techvelvet-box.png\" \/>\n\t<meta property=\"og:image:width\" content=\"3456\" \/>\n\t<meta property=\"og:image:height\" content=\"3456\" \/>\n\t<meta property=\"og:image:type\" content=\"image\/png\" \/>\n<meta name=\"twitter:card\" content=\"summary_large_image\" \/>\n<script type=\"application\/ld+json\" class=\"yoast-schema-graph\">{\"@context\":\"https:\/\/schema.org\",\"@graph\":[{\"@type\":\"WebPage\",\"@id\":\"https:\/\/www.hueseehair.com\/fr\/produit\/boite-techvelvet\/\",\"url\":\"https:\/\/www.hueseehair.com\/fr\/produit\/boite-techvelvet\/\",\"name\":\"Boite #TechVelvet | HueSee\",\"isPartOf\":{\"@id\":\"https:\/\/www.hueseehair.com\/fr\/#website\"},\"primaryImageOfPage\":{\"@id\":\"https:\/\/www.hueseehair.com\/fr\/produit\/boite-techvelvet\/#primaryimage\"},\"image\":{\"@id\":\"https:\/\/www.hueseehair.com\/fr\/produit\/boite-techvelvet\/#primaryimage\"},\"thumbnailUrl\":\"https:\/\/www.hueseehair.com\/app\/uploads\/2024\/05\/techvelvet-box.png\",\"datePublished\":\"2024-05-30T14:30:18+00:00\",\"dateModified\":\"2026-04-29T07:00:49+00:00\",\"description\":\"Offre exclusive: bo\u00eete #TechVelvet de juin. Recr\u00e9ez le look rouge velours de Daria avec nos colorations HueSee et d\u00e9veloppeurs. Commandez maintenant !\",\"breadcrumb\":{\"@id\":\"https:\/\/www.hueseehair.com\/fr\/produit\/boite-techvelvet\/#breadcrumb\"},\"inLanguage\":\"fr-CA\",\"potentialAction\":[{\"@type\":\"ReadAction\",\"target\":[\"https:\/\/www.hueseehair.com\/fr\/produit\/boite-techvelvet\/\"]}]},{\"@type\":\"ImageObject\",\"inLanguage\":\"fr-CA\",\"@id\":\"https:\/\/www.hueseehair.com\/fr\/produit\/boite-techvelvet\/#primaryimage\",\"url\":\"https:\/\/www.hueseehair.com\/app\/uploads\/2024\/05\/techvelvet-box.png\",\"contentUrl\":\"https:\/\/www.hueseehair.com\/app\/uploads\/2024\/05\/techvelvet-box.png\",\"width\":3456,\"height\":3456},{\"@type\":\"BreadcrumbList\",\"@id\":\"https:\/\/www.hueseehair.com\/fr\/produit\/boite-techvelvet\/#breadcrumb\",\"itemListElement\":[{\"@type\":\"ListItem\",\"position\":1,\"name\":\"Accueil\",\"item\":\"https:\/\/www.hueseehair.com\/fr\/\"},{\"@type\":\"ListItem\",\"position\":2,\"name\":\"Boutique\",\"item\":\"https:\/\/www.hueseehair.com\/fr\/boutique\/\"},{\"@type\":\"ListItem\",\"position\":3,\"name\":\"Boite #TechVelvet\"}]},{\"@type\":\"WebSite\",\"@id\":\"https:\/\/www.hueseehair.com\/fr\/#website\",\"url\":\"https:\/\/www.hueseehair.com\/fr\/\",\"name\":\"HueSee\",\"description\":\"Simplement brillant\",\"publisher\":{\"@id\":\"https:\/\/www.hueseehair.com\/fr\/#organization\"},\"potentialAction\":[{\"@type\":\"SearchAction\",\"target\":{\"@type\":\"EntryPoint\",\"urlTemplate\":\"https:\/\/www.hueseehair.com\/fr\/?s={search_term_string}\"},\"query-input\":{\"@type\":\"PropertyValueSpecification\",\"valueRequired\":true,\"valueName\":\"search_term_string\"}}],\"inLanguage\":\"fr-CA\"},{\"@type\":\"Organization\",\"@id\":\"https:\/\/www.hueseehair.com\/fr\/#organization\",\"name\":\"HueSee\",\"url\":\"https:\/\/www.hueseehair.com\/fr\/\",\"logo\":{\"@type\":\"ImageObject\",\"inLanguage\":\"fr-CA\",\"@id\":\"https:\/\/www.hueseehair.com\/fr\/#\/schema\/logo\/image\/\",\"url\":\"https:\/\/www.hueseehair.com\/app\/uploads\/2022\/09\/huesee-fb-img-1.jpg\",\"contentUrl\":\"https:\/\/www.hueseehair.com\/app\/uploads\/2022\/09\/huesee-fb-img-1.jpg\",\"width\":1200,\"height\":627,\"caption\":\"HueSee\"},\"image\":{\"@id\":\"https:\/\/www.hueseehair.com\/fr\/#\/schema\/logo\/image\/\"},\"sameAs\":[\"https:\/\/www.instagram.com\/hueseehair\/\"]}]}<\/script>\n<!-- \/ Yoast SEO Premium plugin. -->","yoast_head_json":{"title":"Boite #TechVelvet | HueSee","description":"Offre exclusive: bo\u00eete #TechVelvet de juin. Recr\u00e9ez le look rouge velours de Daria avec nos colorations HueSee et d\u00e9veloppeurs. Commandez maintenant !","robots":{"index":"index","follow":"follow","max-snippet":"max-snippet:-1","max-image-preview":"max-image-preview:large","max-video-preview":"max-video-preview:-1"},"canonical":"https:\/\/www.hueseehair.com\/fr\/produit\/boite-techvelvet\/","og_locale":"fr_CA","og_type":"article","og_title":"Boite #TechVelvet","og_description":"Offre exclusive: bo\u00eete #TechVelvet de juin. Recr\u00e9ez le look rouge velours de Daria avec nos colorations HueSee et d\u00e9veloppeurs. Commandez maintenant !","og_url":"https:\/\/www.hueseehair.com\/fr\/produit\/boite-techvelvet\/","og_site_name":"HueSee","article_modified_time":"2026-04-29T07:00:49+00:00","og_image":[{"width":3456,"height":3456,"url":"https:\/\/www.hueseehair.com\/app\/uploads\/2024\/05\/techvelvet-box.png","type":"image\/png"}],"twitter_card":"summary_large_image","schema":{"@context":"https:\/\/schema.org","@graph":[{"@type":"WebPage","@id":"https:\/\/www.hueseehair.com\/fr\/produit\/boite-techvelvet\/","url":"https:\/\/www.hueseehair.com\/fr\/produit\/boite-techvelvet\/","name":"Boite #TechVelvet | HueSee","isPartOf":{"@id":"https:\/\/www.hueseehair.com\/fr\/#website"},"primaryImageOfPage":{"@id":"https:\/\/www.hueseehair.com\/fr\/produit\/boite-techvelvet\/#primaryimage"},"image":{"@id":"https:\/\/www.hueseehair.com\/fr\/produit\/boite-techvelvet\/#primaryimage"},"thumbnailUrl":"https:\/\/www.hueseehair.com\/app\/uploads\/2024\/05\/techvelvet-box.png","datePublished":"2024-05-30T14:30:18+00:00","dateModified":"2026-04-29T07:00:49+00:00","description":"Offre exclusive: bo\u00eete #TechVelvet de juin. Recr\u00e9ez le look rouge velours de Daria avec nos colorations HueSee et d\u00e9veloppeurs. Commandez maintenant !","breadcrumb":{"@id":"https:\/\/www.hueseehair.com\/fr\/produit\/boite-techvelvet\/#breadcrumb"},"inLanguage":"fr-CA","potentialAction":[{"@type":"ReadAction","target":["https:\/\/www.hueseehair.com\/fr\/produit\/boite-techvelvet\/"]}]},{"@type":"ImageObject","inLanguage":"fr-CA","@id":"https:\/\/www.hueseehair.com\/fr\/produit\/boite-techvelvet\/#primaryimage","url":"https:\/\/www.hueseehair.com\/app\/uploads\/2024\/05\/techvelvet-box.png","contentUrl":"https:\/\/www.hueseehair.com\/app\/uploads\/2024\/05\/techvelvet-box.png","width":3456,"height":3456},{"@type":"BreadcrumbList","@id":"https:\/\/www.hueseehair.com\/fr\/produit\/boite-techvelvet\/#breadcrumb","itemListElement":[{"@type":"ListItem","position":1,"name":"Accueil","item":"https:\/\/www.hueseehair.com\/fr\/"},{"@type":"ListItem","position":2,"name":"Boutique","item":"https:\/\/www.hueseehair.com\/fr\/boutique\/"},{"@type":"ListItem","position":3,"name":"Boite #TechVelvet"}]},{"@type":"WebSite","@id":"https:\/\/www.hueseehair.com\/fr\/#website","url":"https:\/\/www.hueseehair.com\/fr\/","name":"HueSee","description":"Simplement brillant","publisher":{"@id":"https:\/\/www.hueseehair.com\/fr\/#organization"},"potentialAction":[{"@type":"SearchAction","target":{"@type":"EntryPoint","urlTemplate":"https:\/\/www.hueseehair.com\/fr\/?s={search_term_string}"},"query-input":{"@type":"PropertyValueSpecification","valueRequired":true,"valueName":"search_term_string"}}],"inLanguage":"fr-CA"},{"@type":"Organization","@id":"https:\/\/www.hueseehair.com\/fr\/#organization","name":"HueSee","url":"https:\/\/www.hueseehair.com\/fr\/","logo":{"@type":"ImageObject","inLanguage":"fr-CA","@id":"https:\/\/www.hueseehair.com\/fr\/#\/schema\/logo\/image\/","url":"https:\/\/www.hueseehair.com\/app\/uploads\/2022\/09\/huesee-fb-img-1.jpg","contentUrl":"https:\/\/www.hueseehair.com\/app\/uploads\/2022\/09\/huesee-fb-img-1.jpg","width":1200,"height":627,"caption":"HueSee"},"image":{"@id":"https:\/\/www.hueseehair.com\/fr\/#\/schema\/logo\/image\/"},"sameAs":["https:\/\/www.instagram.com\/hueseehair\/"]}]}},"_links":{"self":[{"href":"https:\/\/www.hueseehair.com\/fr\/wp-json\/wp\/v2\/product\/3763","targetHints":{"allow":["GET"]}}],"collection":[{"href":"https:\/\/www.hueseehair.com\/fr\/wp-json\/wp\/v2\/product"}],"about":[{"href":"https:\/\/www.hueseehair.com\/fr\/wp-json\/wp\/v2\/types\/product"}],"wp:featuredmedia":[{"embeddable":true,"href":"https:\/\/www.hueseehair.com\/fr\/wp-json\/wp\/v2\/media\/3738"}],"wp:attachment":[{"href":"https:\/\/www.hueseehair.com\/fr\/wp-json\/wp\/v2\/media?parent=3763"}],"wp:term":[{"taxonomy":"product_brand","embeddable":true,"href":"https:\/\/www.hueseehair.com\/fr\/wp-json\/wp\/v2\/product_brand?post=3763"},{"taxonomy":"product_cat","embeddable":true,"href":"https:\/\/www.hueseehair.com\/fr\/wp-json\/wp\/v2\/product_cat?post=3763"},{"taxonomy":"product_tag","embeddable":true,"href":"https:\/\/www.hueseehair.com\/fr\/wp-json\/wp\/v2\/product_tag?post=3763"}],"curies":[{"name":"wp","href":"https:\/\/api.w.org\/{rel}","templated":true}]}}