{"id":3976,"date":"2024-10-29T13:30:14","date_gmt":"2024-10-29T17:30:14","guid":{"rendered":"https:\/\/www.hueseehair.com\/?page_id=3976"},"modified":"2025-08-05T13:59:32","modified_gmt":"2025-08-05T17:59:32","slug":"collection-griffintown","status":"publish","type":"page","link":"https:\/\/www.hueseehair.com\/fr\/collection-griffintown\/","title":{"rendered":"Collection Griffintown"},"content":{"rendered":"<p data-start=\"435\" data-end=\"925\">La Collection Griffintown de HueSee est une invitation \u00e0 red\u00e9couvrir Montr\u00e9al \u00e0 travers les yeux des coiffeurs. Inspir\u00e9e par l\u2019esth\u00e9tique industrielle, les textures urbaines et la diversit\u00e9 du <a href=\"https:\/\/www.mtl.org\/en\/experience\/need-know-about-griffintown\">quartier Griffintown<\/a>, cette collection propose sept looks professionnels qui allient pr\u00e9cision technique et libert\u00e9 cr\u00e9ative. Chaque coupe, chaque couleur, chaque forme a \u00e9t\u00e9 pens\u00e9e pour refl\u00e9ter la r\u00e9alit\u00e9 du salon tout en offrant un potentiel d\u2019expression artistique.<\/p>\n<p data-start=\"927\" data-end=\"1317\">Les stylistes et coloristes retrouveront dans cette collection une vari\u00e9t\u00e9 de nuances et de formes\u202f: des tons froids sophistiqu\u00e9s aux touches vibrantes de cr\u00e9ativit\u00e9, en passant par des coupes classiques revisit\u00e9es avec une sensibilit\u00e9 contemporaine. C\u2019est une collection faite pour les pros \u2014 adapt\u00e9e aux tendances actuelles, mais surtout, aux besoins concrets des coiffeurs d\u2019aujourd\u2019hui.<\/p>\n<p data-start=\"927\" data-end=\"1317\">Cr\u00e9\u00e9e sous la direction artistique de <a href=\"https:\/\/www.hueseehair.com\/fr\/formations\/kathy-simon\/\">Kathy Simon<\/a>, <a href=\"https:\/\/www.hueseehair.com\/fr\/formations\/wendy-keating\/\">Wendy Keating<\/a> et <a href=\"https:\/\/www.hueseehair.com\/fr\/formations\/jean-sebastien-lacombe\/\">Jean-S\u00e9bastien Lacombe<\/a>, la collection refl\u00e8te l\u2019expertise technique et la vision unique de trois piliers de l\u2019\u00e9ducation capillaire au Qu\u00e9bec.<\/p>\n<p data-start=\"1319\" data-end=\"1701\">Tous les looks ont \u00e9t\u00e9 d\u00e9velopp\u00e9s selon le <a href=\"https:\/\/www.mekkasystem.com\/\">syst\u00e8me \u00e9ducatif de Mekka<\/a>, pour assurer une coh\u00e9rence entre l\u2019inspiration visuelle et les techniques enseign\u00e9es en formation. Cette approche permet \u00e0 chaque styliste, qu\u2019il soit en salon ou ind\u00e9pendant, de s\u2019approprier les coupes et couleurs avec confiance. L\u2019\u00e9ducation est au c\u0153ur de HueSee, et cette collection en est la preuve tangible.<\/p>\n<p data-start=\"1703\" data-end=\"2086\">Griffintown est un quartier en pleine transformation \u2014 \u00e0 la fois enracin\u00e9 dans l\u2019histoire de Montr\u00e9al et tourn\u00e9 vers l\u2019avenir. C\u2019est ce m\u00eame esprit de dualit\u00e9 que l\u2019on retrouve dans la Collection Griffintown. Elle s\u2019adresse aux stylistes professionnels qui veulent progresser, se d\u00e9marquer et cr\u00e9er un lien plus fort entre leur vision artistique et leur quotidien derri\u00e8re la chaise.<\/p>\n<p data-start=\"2088\" data-end=\"2355\">Explorez les looks, inspirez-vous des nuances, et d\u00e9couvrez comment la Collection Griffintown peut \u00e9lever votre travail. Chez HueSee, chaque coupe est un outil, chaque couleur est une possibilit\u00e9, et chaque collection est con\u00e7ue pour simplifier votre vie de coiffeur.<\/p>\n","protected":false},"excerpt":{"rendered":"<p>La Collection Griffintown de HueSee est une invitation \u00e0 red\u00e9couvrir Montr\u00e9al \u00e0 travers les yeux des coiffeurs. Inspir\u00e9e par l\u2019esth\u00e9tique industrielle, les textures urbaines et la diversit\u00e9 du quartier Griffintown, cette collection propose sept looks professionnels qui allient pr\u00e9cision technique et libert\u00e9 cr\u00e9ative. Chaque coupe, chaque couleur, chaque forme a &hellip; <a href=\"https:\/\/www.hueseehair.com\/fr\/collection-griffintown\/\">Suivant<\/a><\/p>\n","protected":false},"author":8,"featured_media":0,"parent":0,"menu_order":0,"comment_status":"closed","ping_status":"closed","template":"","meta":{"_acf_changed":false,"_relevanssi_hide_post":"","_relevanssi_hide_content":"","_relevanssi_pin_for_all":"","_relevanssi_pin_keywords":"","_relevanssi_unpin_keywords":"","_relevanssi_related_keywords":"","_relevanssi_related_include_ids":"","_relevanssi_related_exclude_ids":"","_relevanssi_related_no_append":"","_relevanssi_related_not_related":"","_relevanssi_related_posts":"","_relevanssi_noindex_reason":"","footnotes":""},"class_list":["post-3976","page","type-page","status-publish","hentry"],"acf":[],"yoast_head":"<!-- This site is optimized with the Yoast SEO Premium plugin v20.4 (Yoast SEO v24.6) - https:\/\/yoast.com\/wordpress\/plugins\/seo\/ -->\n<title>Collection Griffintown | HueSee<\/title>\n<meta name=\"description\" content=\"Collection Griffintown de HueSee : 7 looks pro inspir\u00e9s de Montr\u00e9al. Coupes, couleurs et \u00e9ducation pour coiffeurs cr\u00e9atifs.\" \/>\n<meta name=\"robots\" content=\"index, follow, max-snippet:-1, max-image-preview:large, max-video-preview:-1\" \/>\n<link rel=\"canonical\" href=\"https:\/\/www.hueseehair.com\/fr\/collection-griffintown\/\" \/>\n<meta property=\"og:locale\" content=\"fr_CA\" \/>\n<meta property=\"og:type\" content=\"article\" \/>\n<meta property=\"og:title\" content=\"Collection Griffintown\" \/>\n<meta property=\"og:description\" content=\"Collection Griffintown de HueSee : 7 looks pro inspir\u00e9s de Montr\u00e9al. Coupes, couleurs et \u00e9ducation pour coiffeurs cr\u00e9atifs.\" \/>\n<meta property=\"og:url\" content=\"https:\/\/www.hueseehair.com\/fr\/collection-griffintown\/\" \/>\n<meta property=\"og:site_name\" content=\"HueSee\" \/>\n<meta property=\"article:modified_time\" content=\"2025-08-05T17:59:32+00:00\" \/>\n<meta property=\"og:image\" content=\"https:\/\/www.hueseehair.com\/app\/uploads\/2022\/09\/huesee-fb-img-1.jpg\" \/>\n\t<meta property=\"og:image:width\" content=\"1200\" \/>\n\t<meta property=\"og:image:height\" content=\"627\" \/>\n\t<meta property=\"og:image:type\" content=\"image\/jpeg\" \/>\n<meta name=\"twitter:card\" content=\"summary_large_image\" \/>\n<script type=\"application\/ld+json\" class=\"yoast-schema-graph\">{\"@context\":\"https:\/\/schema.org\",\"@graph\":[{\"@type\":\"WebPage\",\"@id\":\"https:\/\/www.hueseehair.com\/fr\/collection-griffintown\/\",\"url\":\"https:\/\/www.hueseehair.com\/fr\/collection-griffintown\/\",\"name\":\"Collection Griffintown | HueSee\",\"isPartOf\":{\"@id\":\"https:\/\/www.hueseehair.com\/fr\/#website\"},\"datePublished\":\"2024-10-29T17:30:14+00:00\",\"dateModified\":\"2025-08-05T17:59:32+00:00\",\"description\":\"Collection Griffintown de HueSee : 7 looks pro inspir\u00e9s de Montr\u00e9al. Coupes, couleurs et \u00e9ducation pour coiffeurs cr\u00e9atifs.\",\"breadcrumb\":{\"@id\":\"https:\/\/www.hueseehair.com\/fr\/collection-griffintown\/#breadcrumb\"},\"inLanguage\":\"fr-CA\",\"potentialAction\":[{\"@type\":\"ReadAction\",\"target\":[\"https:\/\/www.hueseehair.com\/fr\/collection-griffintown\/\"]}]},{\"@type\":\"BreadcrumbList\",\"@id\":\"https:\/\/www.hueseehair.com\/fr\/collection-griffintown\/#breadcrumb\",\"itemListElement\":[{\"@type\":\"ListItem\",\"position\":1,\"name\":\"Accueil\",\"item\":\"https:\/\/www.hueseehair.com\/fr\/\"},{\"@type\":\"ListItem\",\"position\":2,\"name\":\"Collection Griffintown\"}]},{\"@type\":\"WebSite\",\"@id\":\"https:\/\/www.hueseehair.com\/fr\/#website\",\"url\":\"https:\/\/www.hueseehair.com\/fr\/\",\"name\":\"HueSee\",\"description\":\"Simplement brillant\",\"publisher\":{\"@id\":\"https:\/\/www.hueseehair.com\/fr\/#organization\"},\"potentialAction\":[{\"@type\":\"SearchAction\",\"target\":{\"@type\":\"EntryPoint\",\"urlTemplate\":\"https:\/\/www.hueseehair.com\/fr\/?s={search_term_string}\"},\"query-input\":{\"@type\":\"PropertyValueSpecification\",\"valueRequired\":true,\"valueName\":\"search_term_string\"}}],\"inLanguage\":\"fr-CA\"},{\"@type\":\"Organization\",\"@id\":\"https:\/\/www.hueseehair.com\/fr\/#organization\",\"name\":\"HueSee\",\"url\":\"https:\/\/www.hueseehair.com\/fr\/\",\"logo\":{\"@type\":\"ImageObject\",\"inLanguage\":\"fr-CA\",\"@id\":\"https:\/\/www.hueseehair.com\/fr\/#\/schema\/logo\/image\/\",\"url\":\"https:\/\/www.hueseehair.com\/app\/uploads\/2022\/09\/huesee-fb-img-1.jpg\",\"contentUrl\":\"https:\/\/www.hueseehair.com\/app\/uploads\/2022\/09\/huesee-fb-img-1.jpg\",\"width\":1200,\"height\":627,\"caption\":\"HueSee\"},\"image\":{\"@id\":\"https:\/\/www.hueseehair.com\/fr\/#\/schema\/logo\/image\/\"},\"sameAs\":[\"https:\/\/www.instagram.com\/hueseehair\/\"]}]}<\/script>\n<!-- \/ Yoast SEO Premium plugin. -->","yoast_head_json":{"title":"Collection Griffintown | HueSee","description":"Collection Griffintown de HueSee : 7 looks pro inspir\u00e9s de Montr\u00e9al. Coupes, couleurs et \u00e9ducation pour coiffeurs cr\u00e9atifs.","robots":{"index":"index","follow":"follow","max-snippet":"max-snippet:-1","max-image-preview":"max-image-preview:large","max-video-preview":"max-video-preview:-1"},"canonical":"https:\/\/www.hueseehair.com\/fr\/collection-griffintown\/","og_locale":"fr_CA","og_type":"article","og_title":"Collection Griffintown","og_description":"Collection Griffintown de HueSee : 7 looks pro inspir\u00e9s de Montr\u00e9al. Coupes, couleurs et \u00e9ducation pour coiffeurs cr\u00e9atifs.","og_url":"https:\/\/www.hueseehair.com\/fr\/collection-griffintown\/","og_site_name":"HueSee","article_modified_time":"2025-08-05T17:59:32+00:00","og_image":[{"width":1200,"height":627,"url":"https:\/\/www.hueseehair.com\/app\/uploads\/2022\/09\/huesee-fb-img-1.jpg","type":"image\/jpeg"}],"twitter_card":"summary_large_image","schema":{"@context":"https:\/\/schema.org","@graph":[{"@type":"WebPage","@id":"https:\/\/www.hueseehair.com\/fr\/collection-griffintown\/","url":"https:\/\/www.hueseehair.com\/fr\/collection-griffintown\/","name":"Collection Griffintown | HueSee","isPartOf":{"@id":"https:\/\/www.hueseehair.com\/fr\/#website"},"datePublished":"2024-10-29T17:30:14+00:00","dateModified":"2025-08-05T17:59:32+00:00","description":"Collection Griffintown de HueSee : 7 looks pro inspir\u00e9s de Montr\u00e9al. Coupes, couleurs et \u00e9ducation pour coiffeurs cr\u00e9atifs.","breadcrumb":{"@id":"https:\/\/www.hueseehair.com\/fr\/collection-griffintown\/#breadcrumb"},"inLanguage":"fr-CA","potentialAction":[{"@type":"ReadAction","target":["https:\/\/www.hueseehair.com\/fr\/collection-griffintown\/"]}]},{"@type":"BreadcrumbList","@id":"https:\/\/www.hueseehair.com\/fr\/collection-griffintown\/#breadcrumb","itemListElement":[{"@type":"ListItem","position":1,"name":"Accueil","item":"https:\/\/www.hueseehair.com\/fr\/"},{"@type":"ListItem","position":2,"name":"Collection Griffintown"}]},{"@type":"WebSite","@id":"https:\/\/www.hueseehair.com\/fr\/#website","url":"https:\/\/www.hueseehair.com\/fr\/","name":"HueSee","description":"Simplement brillant","publisher":{"@id":"https:\/\/www.hueseehair.com\/fr\/#organization"},"potentialAction":[{"@type":"SearchAction","target":{"@type":"EntryPoint","urlTemplate":"https:\/\/www.hueseehair.com\/fr\/?s={search_term_string}"},"query-input":{"@type":"PropertyValueSpecification","valueRequired":true,"valueName":"search_term_string"}}],"inLanguage":"fr-CA"},{"@type":"Organization","@id":"https:\/\/www.hueseehair.com\/fr\/#organization","name":"HueSee","url":"https:\/\/www.hueseehair.com\/fr\/","logo":{"@type":"ImageObject","inLanguage":"fr-CA","@id":"https:\/\/www.hueseehair.com\/fr\/#\/schema\/logo\/image\/","url":"https:\/\/www.hueseehair.com\/app\/uploads\/2022\/09\/huesee-fb-img-1.jpg","contentUrl":"https:\/\/www.hueseehair.com\/app\/uploads\/2022\/09\/huesee-fb-img-1.jpg","width":1200,"height":627,"caption":"HueSee"},"image":{"@id":"https:\/\/www.hueseehair.com\/fr\/#\/schema\/logo\/image\/"},"sameAs":["https:\/\/www.instagram.com\/hueseehair\/"]}]}},"_links":{"self":[{"href":"https:\/\/www.hueseehair.com\/fr\/wp-json\/wp\/v2\/pages\/3976","targetHints":{"allow":["GET"]}}],"collection":[{"href":"https:\/\/www.hueseehair.com\/fr\/wp-json\/wp\/v2\/pages"}],"about":[{"href":"https:\/\/www.hueseehair.com\/fr\/wp-json\/wp\/v2\/types\/page"}],"author":[{"embeddable":true,"href":"https:\/\/www.hueseehair.com\/fr\/wp-json\/wp\/v2\/users\/8"}],"replies":[{"embeddable":true,"href":"https:\/\/www.hueseehair.com\/fr\/wp-json\/wp\/v2\/comments?post=3976"}],"version-history":[{"count":14,"href":"https:\/\/www.hueseehair.com\/fr\/wp-json\/wp\/v2\/pages\/3976\/revisions"}],"predecessor-version":[{"id":4488,"href":"https:\/\/www.hueseehair.com\/fr\/wp-json\/wp\/v2\/pages\/3976\/revisions\/4488"}],"wp:attachment":[{"href":"https:\/\/www.hueseehair.com\/fr\/wp-json\/wp\/v2\/media?parent=3976"}],"curies":[{"name":"wp","href":"https:\/\/api.w.org\/{rel}","templated":true}]}}