{"id":3826,"date":"2024-07-30T15:04:05","date_gmt":"2024-07-30T19:04:05","guid":{"rendered":"https:\/\/www.hueseehair.com\/?page_id=3826"},"modified":"2024-07-30T15:14:49","modified_gmt":"2024-07-30T19:14:49","slug":"quiz-coloration-permanent","status":"publish","type":"page","link":"https:\/\/www.hueseehair.com\/fr\/quiz-coloration-permanent\/","title":{"rendered":"Quiz coloration permanent"},"content":{"rendered":"<div>\n<div id=\"63c5c5dc589fdd1d5aae572a\" class=\"op-interactive\" data-title=\"Co\u00fbt de la coloration permanente HueSee\" data-url=\"https:\/\/conceptjp.outgrow.us\/63c5c5dc589fdd1d5aae572a?vHeight=1\" data-width=\"100%\"><\/div>\n<p><script>var og_temp=document.createElement('script');og_temp.async=true;og_temp.defer=true;og_temp.src='\/\/dyv6f9ner1ir9.cloudfront.net\/assets\/js\/nloader.js',og_temp.onload=function(){initIframe('63c5c5dc589fdd1d5aae572a')},document.querySelector('head').appendChild(og_temp)<\/script><\/p>\n<\/div>\n<h2>Combien allez-vous \u00e9conomiser avec HueSee?<\/h2>\n<h4>R\u00e9pondez \u00e0 quelques questions simples pour d\u00e9couvrir les \u00e9conomies potentielles avec HueSee. C&rsquo;est un moyen facile de voir comment le choix de nos produits peut vous faire \u00e9conomiser de l&rsquo;argent.<br \/>\nVous \u00eates pr\u00eat \u00e0 le d\u00e9couvrir? R\u00e9pondez au quiz d\u00e8s maintenant!<\/h4>\n<p>&nbsp;<\/p>\n<p>Les co\u00fbts pr\u00e9sent\u00e9s sur cette page ont \u00e9t\u00e9 calcul\u00e9s pour un m\u00e9lange colorant de 60 ml et une ann\u00e9e de 52 semaines.<\/p>\n<p>Ils ont aussi \u00e9t\u00e9 calcul\u00e9s \u00e0 partir des r\u00e9ponses que tu as fournies dans le questionnaire: Ratio 1 : 2, prix et format de ton tube de de coloration permanente (10 $ \/ 60 ml), prix et format de ta bouteille de d\u00e9veloppeur permanent (10 $ \/ 1000 ml), nombre moyen d&rsquo;applications de coloration permanente d&rsquo;un coiffeur par semaine dans ton salon (30 applications) et nombre de coiffeurs qui font des applications de coloration permanente dans ton salon (4 coiffeurs).<\/p>\n<p>Quant aux co\u00fbts HueSee, ils ont \u00e9t\u00e9 calcul\u00e9s avec les prix quantit\u00e9 en vigueur en octobre 2023.<\/p>\n","protected":false},"excerpt":{"rendered":"<p>Combien allez-vous \u00e9conomiser avec HueSee? R\u00e9pondez \u00e0 quelques questions simples pour d\u00e9couvrir les \u00e9conomies potentielles avec HueSee. C&rsquo;est un moyen facile de voir comment le choix de nos produits peut vous faire \u00e9conomiser de l&rsquo;argent. Vous \u00eates pr\u00eat \u00e0 le d\u00e9couvrir? R\u00e9pondez au quiz d\u00e8s maintenant! &nbsp; Les co\u00fbts pr\u00e9sent\u00e9s &hellip; <a href=\"https:\/\/www.hueseehair.com\/fr\/quiz-coloration-permanent\/\">Suivant<\/a><\/p>\n","protected":false},"author":10,"featured_media":0,"parent":0,"menu_order":0,"comment_status":"closed","ping_status":"closed","template":"","meta":{"_acf_changed":false,"_relevanssi_hide_post":"","_relevanssi_hide_content":"","_relevanssi_pin_for_all":"","_relevanssi_pin_keywords":"","_relevanssi_unpin_keywords":"","_relevanssi_related_keywords":"","_relevanssi_related_include_ids":"","_relevanssi_related_exclude_ids":"","_relevanssi_related_no_append":"","_relevanssi_related_not_related":"","_relevanssi_related_posts":"","_relevanssi_noindex_reason":"","footnotes":""},"class_list":["post-3826","page","type-page","status-publish","hentry"],"acf":[],"yoast_head":"<!-- This site is optimized with the Yoast SEO Premium plugin v20.4 (Yoast SEO v24.6) - https:\/\/yoast.com\/wordpress\/plugins\/seo\/ -->\n<title>Quiz coloration permanent | HueSee<\/title>\n<meta name=\"robots\" content=\"index, follow, max-snippet:-1, max-image-preview:large, max-video-preview:-1\" \/>\n<link rel=\"canonical\" href=\"https:\/\/www.hueseehair.com\/fr\/quiz-coloration-permanent\/\" \/>\n<meta property=\"og:locale\" content=\"fr_CA\" \/>\n<meta property=\"og:type\" content=\"article\" \/>\n<meta property=\"og:title\" content=\"Quiz coloration permanent\" \/>\n<meta property=\"og:description\" content=\"Combien allez-vous \u00e9conomiser avec HueSee? R\u00e9pondez \u00e0 quelques questions simples pour d\u00e9couvrir les \u00e9conomies potentielles avec HueSee. C&rsquo;est un moyen facile de voir comment le choix de nos produits peut vous faire \u00e9conomiser de l&rsquo;argent. Vous \u00eates pr\u00eat \u00e0 le d\u00e9couvrir? R\u00e9pondez au quiz d\u00e8s maintenant! &nbsp; Les co\u00fbts pr\u00e9sent\u00e9s &hellip; Suivant\" \/>\n<meta property=\"og:url\" content=\"https:\/\/www.hueseehair.com\/fr\/quiz-coloration-permanent\/\" \/>\n<meta property=\"og:site_name\" content=\"HueSee\" \/>\n<meta property=\"article:modified_time\" content=\"2024-07-30T19:14:49+00:00\" \/>\n<meta property=\"og:image\" content=\"https:\/\/www.hueseehair.com\/app\/uploads\/2022\/09\/huesee-fb-img-1.jpg\" \/>\n\t<meta property=\"og:image:width\" content=\"1200\" \/>\n\t<meta property=\"og:image:height\" content=\"627\" \/>\n\t<meta property=\"og:image:type\" content=\"image\/jpeg\" \/>\n<meta name=\"twitter:card\" content=\"summary_large_image\" \/>\n<script type=\"application\/ld+json\" class=\"yoast-schema-graph\">{\"@context\":\"https:\/\/schema.org\",\"@graph\":[{\"@type\":\"WebPage\",\"@id\":\"https:\/\/www.hueseehair.com\/fr\/quiz-coloration-permanent\/\",\"url\":\"https:\/\/www.hueseehair.com\/fr\/quiz-coloration-permanent\/\",\"name\":\"Quiz coloration permanent | HueSee\",\"isPartOf\":{\"@id\":\"https:\/\/www.hueseehair.com\/fr\/#website\"},\"datePublished\":\"2024-07-30T19:04:05+00:00\",\"dateModified\":\"2024-07-30T19:14:49+00:00\",\"breadcrumb\":{\"@id\":\"https:\/\/www.hueseehair.com\/fr\/quiz-coloration-permanent\/#breadcrumb\"},\"inLanguage\":\"fr-CA\",\"potentialAction\":[{\"@type\":\"ReadAction\",\"target\":[\"https:\/\/www.hueseehair.com\/fr\/quiz-coloration-permanent\/\"]}]},{\"@type\":\"BreadcrumbList\",\"@id\":\"https:\/\/www.hueseehair.com\/fr\/quiz-coloration-permanent\/#breadcrumb\",\"itemListElement\":[{\"@type\":\"ListItem\",\"position\":1,\"name\":\"Accueil\",\"item\":\"https:\/\/www.hueseehair.com\/fr\/\"},{\"@type\":\"ListItem\",\"position\":2,\"name\":\"Quiz coloration permanent\"}]},{\"@type\":\"WebSite\",\"@id\":\"https:\/\/www.hueseehair.com\/fr\/#website\",\"url\":\"https:\/\/www.hueseehair.com\/fr\/\",\"name\":\"HueSee\",\"description\":\"Simplement brillant\",\"publisher\":{\"@id\":\"https:\/\/www.hueseehair.com\/fr\/#organization\"},\"potentialAction\":[{\"@type\":\"SearchAction\",\"target\":{\"@type\":\"EntryPoint\",\"urlTemplate\":\"https:\/\/www.hueseehair.com\/fr\/?s={search_term_string}\"},\"query-input\":{\"@type\":\"PropertyValueSpecification\",\"valueRequired\":true,\"valueName\":\"search_term_string\"}}],\"inLanguage\":\"fr-CA\"},{\"@type\":\"Organization\",\"@id\":\"https:\/\/www.hueseehair.com\/fr\/#organization\",\"name\":\"HueSee\",\"url\":\"https:\/\/www.hueseehair.com\/fr\/\",\"logo\":{\"@type\":\"ImageObject\",\"inLanguage\":\"fr-CA\",\"@id\":\"https:\/\/www.hueseehair.com\/fr\/#\/schema\/logo\/image\/\",\"url\":\"https:\/\/www.hueseehair.com\/app\/uploads\/2022\/09\/huesee-fb-img-1.jpg\",\"contentUrl\":\"https:\/\/www.hueseehair.com\/app\/uploads\/2022\/09\/huesee-fb-img-1.jpg\",\"width\":1200,\"height\":627,\"caption\":\"HueSee\"},\"image\":{\"@id\":\"https:\/\/www.hueseehair.com\/fr\/#\/schema\/logo\/image\/\"},\"sameAs\":[\"https:\/\/www.instagram.com\/hueseehair\/\"]}]}<\/script>\n<!-- \/ Yoast SEO Premium plugin. -->","yoast_head_json":{"title":"Quiz coloration permanent | HueSee","robots":{"index":"index","follow":"follow","max-snippet":"max-snippet:-1","max-image-preview":"max-image-preview:large","max-video-preview":"max-video-preview:-1"},"canonical":"https:\/\/www.hueseehair.com\/fr\/quiz-coloration-permanent\/","og_locale":"fr_CA","og_type":"article","og_title":"Quiz coloration permanent","og_description":"Combien allez-vous \u00e9conomiser avec HueSee? R\u00e9pondez \u00e0 quelques questions simples pour d\u00e9couvrir les \u00e9conomies potentielles avec HueSee. C&rsquo;est un moyen facile de voir comment le choix de nos produits peut vous faire \u00e9conomiser de l&rsquo;argent. Vous \u00eates pr\u00eat \u00e0 le d\u00e9couvrir? R\u00e9pondez au quiz d\u00e8s maintenant! &nbsp; Les co\u00fbts pr\u00e9sent\u00e9s &hellip; Suivant","og_url":"https:\/\/www.hueseehair.com\/fr\/quiz-coloration-permanent\/","og_site_name":"HueSee","article_modified_time":"2024-07-30T19:14:49+00:00","og_image":[{"width":1200,"height":627,"url":"https:\/\/www.hueseehair.com\/app\/uploads\/2022\/09\/huesee-fb-img-1.jpg","type":"image\/jpeg"}],"twitter_card":"summary_large_image","schema":{"@context":"https:\/\/schema.org","@graph":[{"@type":"WebPage","@id":"https:\/\/www.hueseehair.com\/fr\/quiz-coloration-permanent\/","url":"https:\/\/www.hueseehair.com\/fr\/quiz-coloration-permanent\/","name":"Quiz coloration permanent | HueSee","isPartOf":{"@id":"https:\/\/www.hueseehair.com\/fr\/#website"},"datePublished":"2024-07-30T19:04:05+00:00","dateModified":"2024-07-30T19:14:49+00:00","breadcrumb":{"@id":"https:\/\/www.hueseehair.com\/fr\/quiz-coloration-permanent\/#breadcrumb"},"inLanguage":"fr-CA","potentialAction":[{"@type":"ReadAction","target":["https:\/\/www.hueseehair.com\/fr\/quiz-coloration-permanent\/"]}]},{"@type":"BreadcrumbList","@id":"https:\/\/www.hueseehair.com\/fr\/quiz-coloration-permanent\/#breadcrumb","itemListElement":[{"@type":"ListItem","position":1,"name":"Accueil","item":"https:\/\/www.hueseehair.com\/fr\/"},{"@type":"ListItem","position":2,"name":"Quiz coloration permanent"}]},{"@type":"WebSite","@id":"https:\/\/www.hueseehair.com\/fr\/#website","url":"https:\/\/www.hueseehair.com\/fr\/","name":"HueSee","description":"Simplement brillant","publisher":{"@id":"https:\/\/www.hueseehair.com\/fr\/#organization"},"potentialAction":[{"@type":"SearchAction","target":{"@type":"EntryPoint","urlTemplate":"https:\/\/www.hueseehair.com\/fr\/?s={search_term_string}"},"query-input":{"@type":"PropertyValueSpecification","valueRequired":true,"valueName":"search_term_string"}}],"inLanguage":"fr-CA"},{"@type":"Organization","@id":"https:\/\/www.hueseehair.com\/fr\/#organization","name":"HueSee","url":"https:\/\/www.hueseehair.com\/fr\/","logo":{"@type":"ImageObject","inLanguage":"fr-CA","@id":"https:\/\/www.hueseehair.com\/fr\/#\/schema\/logo\/image\/","url":"https:\/\/www.hueseehair.com\/app\/uploads\/2022\/09\/huesee-fb-img-1.jpg","contentUrl":"https:\/\/www.hueseehair.com\/app\/uploads\/2022\/09\/huesee-fb-img-1.jpg","width":1200,"height":627,"caption":"HueSee"},"image":{"@id":"https:\/\/www.hueseehair.com\/fr\/#\/schema\/logo\/image\/"},"sameAs":["https:\/\/www.instagram.com\/hueseehair\/"]}]}},"_links":{"self":[{"href":"https:\/\/www.hueseehair.com\/fr\/wp-json\/wp\/v2\/pages\/3826","targetHints":{"allow":["GET"]}}],"collection":[{"href":"https:\/\/www.hueseehair.com\/fr\/wp-json\/wp\/v2\/pages"}],"about":[{"href":"https:\/\/www.hueseehair.com\/fr\/wp-json\/wp\/v2\/types\/page"}],"author":[{"embeddable":true,"href":"https:\/\/www.hueseehair.com\/fr\/wp-json\/wp\/v2\/users\/10"}],"replies":[{"embeddable":true,"href":"https:\/\/www.hueseehair.com\/fr\/wp-json\/wp\/v2\/comments?post=3826"}],"version-history":[{"count":9,"href":"https:\/\/www.hueseehair.com\/fr\/wp-json\/wp\/v2\/pages\/3826\/revisions"}],"predecessor-version":[{"id":3843,"href":"https:\/\/www.hueseehair.com\/fr\/wp-json\/wp\/v2\/pages\/3826\/revisions\/3843"}],"wp:attachment":[{"href":"https:\/\/www.hueseehair.com\/fr\/wp-json\/wp\/v2\/media?parent=3826"}],"curies":[{"name":"wp","href":"https:\/\/api.w.org\/{rel}","templated":true}]}}